{"id":833,"date":"2016-03-24T09:46:31","date_gmt":"2016-03-24T09:46:31","guid":{"rendered":"http:\/\/www.habilitas.ro\/?page_id=833"},"modified":"2016-03-24T11:33:40","modified_gmt":"2016-03-24T11:33:40","slug":"fond-relatii-bilaterale","status":"publish","type":"page","link":"https:\/\/www.habilitas.ro\/index.php\/ro\/fond-relatii-bilaterale\/","title":{"rendered":"FOND  RELATII  BILATERALE"},"content":{"rendered":"<p>&nbsp;<\/p>\n\n\t\t<style type=\"text\/css\">\n\t\t\t#gallery-1 {\n\t\t\t\tmargin: auto;\n\t\t\t}\n\t\t\t#gallery-1 .gallery-item {\n\t\t\t\tfloat: left;\n\t\t\t\tmargin-top: 10px;\n\t\t\t\ttext-align: center;\n\t\t\t\twidth: 50%;\n\t\t\t}\n\t\t\t#gallery-1 img {\n\t\t\t\tborder: 2px solid #cfcfcf;\n\t\t\t}\n\t\t\t#gallery-1 .gallery-caption {\n\t\t\t\tmargin-left: 0;\n\t\t\t}\n\t\t\t\/* see gallery_shortcode() in wp-includes\/media.php *\/\n\t\t<\/style>\n\t\t<div id='gallery-1' class='gallery galleryid-833 gallery-columns-2 gallery-size-thumbnail'><dl class='gallery-item'>\n\t\t\t<dt class='gallery-icon landscape'>\n\t\t\t\t<img decoding=\"async\" width=\"150\" height=\"102\" src=\"https:\/\/www.habilitas.ro\/wp-content\/uploads\/2016\/03\/HAH1-150x102.jpg\" class=\"attachment-thumbnail size-thumbnail\" alt=\"\" \/>\n\t\t\t<\/dt><\/dl><dl class='gallery-item'>\n\t\t\t<dt class='gallery-icon landscape'>\n\t\t\t\t<img decoding=\"async\" width=\"113\" height=\"113\" src=\"https:\/\/www.habilitas.ro\/wp-content\/uploads\/2016\/03\/EEA-Grants-GIF1.gif\" class=\"attachment-thumbnail size-thumbnail\" alt=\"\" \/>\n\t\t\t<\/dt><\/dl><br style=\"clear: both\" \/>\n\t\t<\/div>\n\n<p style=\"text-align: center;\"><span style=\"color: #ffffff;\">.<\/span><\/p>\n<p style=\"text-align: center;\"><strong>Proiectul &#8222;Reteaua de Voluntari Seniori in ac\u021biune: Schimb de experienta Romania &#8211; Norvegia&#8221;<\/strong><br \/>\n<strong>Durata: 03.03.2016 &#8211; 30.04.2016<\/strong><\/p>\n<p>&nbsp;<\/p>\n<p style=\"text-align: center;\">Coordonator: Asociatia Habilitas &#8211; Centru de Resurse si formare profesionala &#8211; Romania<br \/>\nPartener: CBNRM Networking, Norvegia<\/p>\n<p style=\"text-align: center;\"><span style=\"color: #ffffff;\">.<\/span><\/p>\n<p style=\"text-align: justify;\">\u00a0\u00a0\u00a0\u00a0 Proiectul este finantat din Granturile SEE 2009-2014, Fondul pentru Relatii Bilaterale. Este o continuare a proiectului &#8222;Seniorii &#8211; Resurse in Comunitate: Voluntariat la Varsta a Treia&#8221;, implementat \u00een perioada 01.04.2015 &#8211; 31.03.2016, de catre Asociatia Habilitas CRFP in parteneriat cu CBNRM Networking, si finantat prin Granturile SEE 2009-2014.<\/p>\n<p style=\"text-align: justify;\">\u00a0\u00a0\u00a0\u00a0 Scopul acestui proiect este acela de a consolida si de a aprofunda relatiile cu organizatia partenera CBNRM Networking, precum si cu alte ONG-uri, institutii si comunitati locale din Kristiansand, Norvegia. Un alt scop este acela de a inv\u0103ta din experienta norvegiana, pentru a transfera din Norvegia in Romania cunostinte si modele de bune practici, pentru a dezvolta competentele si abilitatile personalului din proiect si ale voluntarilor seniori. In acelasi timp, proiectul se concentreaza pe diseminarea si schimbul de cunostinte cu partenerul nostru norvegian CBNRM \u00een retea si alte entitati norvegiene, fiind avute in vedere rezultatele proiectului &#8222;Seniorii &#8211; Resurse in comunitate: Voluntariat la v\u00e2rsta a treia&#8221;, care a fost finantat din Granturile SEE 2009 -2014, Fondul ONG, Componenta Implicare, Sub-componenta Voluntariat. Acest proiect contribuie in mod substantial la obiectivele Fondului de Relatii Bilaterale, \u00een ceea ce priveste intensificarea cooper\u0103rii dintre ONG-urile din Romania si statele finantatoare, \u00eembun\u0103tatirea intelegerii reciproce si impartirea rezultatelor acestora. Acest proiect aduce o dimensiune complementara proiectului &#8222;Seniorii &#8211; resurse in comunitate: Voluntariat la varsta a treia&#8221; &#8211; sa invatam din experienta concreta a activitatilor norvegiane si a bunelor practici locale, ce este voluntariatul in Norvegia, modul in care ONG-urile si autoritatile publice lucreaza cu voluntarii, modul in care este organizata comunitatea seniorilor si modelele lor de voluntariat, precum si despre serviciile sociale oferite persoanelor varstnice din Norvegia.<\/p>\n<p style=\"text-align: justify;\">\u00a0\u00a0\u00a0\u00a0 Proiectul include o vizita de studiu \u00een Kristiansand, Norvegia, intre 4-6 aprilie 2016. Patru persoane vor participa la vizita de studiu &#8211; managerul de proiect, un voluntar senior, coordonatorul Retelei de Voluntari Seniori si un reprezentant al Serviciilor Sociale din Bucuresti.<\/p>\n<p style=\"text-align: justify;\">\u00a0\u00a0\u00a0\u00a0 Obiectivele proiectului sunt:<\/p>\n<p style=\"text-align: justify;\">1. Consolidarea relatiilor bilaterale dintre Asociatia Habilitas CRFP si organizatii din Norvegia &#8211; CBNRM Networking ca partener \u0219i alte ONG-uri si institutii, pe durata a 3 zile de vizita de studiu a delegatiei rom\u00e2ne in Kristiansand, Norvegia.<\/p>\n<p style=\"text-align: justify;\">2. Schimbul de experiente, cunostinte si bune practici in domeniul voluntariatului (cu accent pe voluntariatul seniorilor), functionarea retelelor de voluntari, protectie sociala si parteneriatul public-privat, intre Habilitas si organizatii din Norvegia, prin vizite si intalniri cu diferite parti interesate din Norvegia \u00een cursul vizitei de studiu.<\/p>\n<p style=\"text-align: justify;\">3. Diseminarea rezultatelor si a principalelor realiz\u0103ri ale proiectului &#8222;Seniorii &#8211; resurse in comunitate: Voluntariat la varsta a treia&#8221;, finantat prin Granturile SEE 2009-2014. Se va face prin traducerea in limba engleza a documentelor &#8222;Ghid de bune practici&#8221; si &#8222;Strategia Locala pentru Sprijinirea Voluntariatului Seniorilor&#8221; dezvoltate in proiect, si distribuirea acestor documente catre partile interesate din Norvegia.<\/p>\n<p style=\"text-align: justify;\">\u00a0\u00a0\u00a0\u00a0 Vizita de studiu \u00een Norvegia va fi diseminata in Romania prin diferite mijloace \u2013 respectiv articole, Newslettere \u0219i site-uri web.<\/p>\n","protected":false},"excerpt":{"rendered":"<p>&nbsp; . Proiectul &#8222;Reteaua de Voluntari Seniori in ac\u021biune: Schimb  [&#8230;]<\/p>\n","protected":false},"author":1,"featured_media":0,"parent":0,"menu_order":0,"comment_status":"open","ping_status":"open","template":"","meta":{"_monsterinsights_skip_tracking":false,"_monsterinsights_sitenote_active":false,"_monsterinsights_sitenote_note":"","_monsterinsights_sitenote_category":0,"footnotes":""},"class_list":["post-833","page","type-page","status-publish","hentry"],"_links":{"self":[{"href":"https:\/\/www.habilitas.ro\/index.php\/wp-json\/wp\/v2\/pages\/833","targetHints":{"allow":["GET"]}}],"collection":[{"href":"https:\/\/www.habilitas.ro\/index.php\/wp-json\/wp\/v2\/pages"}],"about":[{"href":"https:\/\/www.habilitas.ro\/index.php\/wp-json\/wp\/v2\/types\/page"}],"author":[{"embeddable":true,"href":"https:\/\/www.habilitas.ro\/index.php\/wp-json\/wp\/v2\/users\/1"}],"replies":[{"embeddable":true,"href":"https:\/\/www.habilitas.ro\/index.php\/wp-json\/wp\/v2\/comments?post=833"}],"version-history":[{"count":30,"href":"https:\/\/www.habilitas.ro\/index.php\/wp-json\/wp\/v2\/pages\/833\/revisions"}],"predecessor-version":[{"id":874,"href":"https:\/\/www.habilitas.ro\/index.php\/wp-json\/wp\/v2\/pages\/833\/revisions\/874"}],"wp:attachment":[{"href":"https:\/\/www.habilitas.ro\/index.php\/wp-json\/wp\/v2\/media?parent=833"}],"curies":[{"name":"wp","href":"https:\/\/api.w.org\/{rel}","templated":true}]}}