{"id":41,"date":"2015-07-13T09:22:22","date_gmt":"2015-07-13T09:22:22","guid":{"rendered":"http:\/\/www.habilitas.ro\/?page_id=41"},"modified":"2015-08-16T15:37:33","modified_gmt":"2015-08-16T15:37:33","slug":"prin-ochii-seniorilor","status":"publish","type":"page","link":"https:\/\/www.habilitas.ro\/index.php\/ro\/proiecte-incheiate\/prin-ochii-seniorilor\/","title":{"rendered":"Prin ochii seniorilor!"},"content":{"rendered":"<p style=\"text-align: justify;\"><strong>Proiectul \u201cPrin ochii seniorilor!\u201d<\/strong>, realizat cu sprijinul financiar al Fondului pentru Inovare Civic\u0103, program finan\u0163at de Trust for Civil Society in Central and Eastern Europe, sponsorizat de Raiffeisen Bank, administrat de Funda\u0163ia pentru Dezvoltarea Societ\u0103\u0163ii Civile. Acest proiect s-a derulat \u00een parteneriat cu Asocia\u0163ia Four Change \u015fi prin intermediul acestui proiect ne-am adresat v\u00e2rstnicilor din sectorul 6 din Bucure\u015fti pentru a cre\u015fte nivelul acestora de implicare \u00een rezolvarea problemelor comunit\u0103\u0163ii, a autorit\u0103\u0163ilor locale \u015fi a cet\u0103\u0163enilor. \u00cempreun\u0103 cu 70 de v\u00e2rstnici care locuiesc \u00een Cartierul Drumul Taberei \u015fi zonele conexe am identificat problemele comunit\u0103\u0163ii prin aplicarea Metodei Photovoice, le-am prezentat autorit\u0103\u0163ilor publice \u015fi mai apoi am explorat posibile solu\u0163ii la aceste probleme.<\/p>\n","protected":false},"excerpt":{"rendered":"<p>Proiectul \u201cPrin ochii seniorilor!\u201d, realizat cu sprijinul financiar al Fondului  [&#8230;]<\/p>\n","protected":false},"author":1,"featured_media":0,"parent":29,"menu_order":0,"comment_status":"open","ping_status":"open","template":"","meta":{"_monsterinsights_skip_tracking":false,"_monsterinsights_sitenote_active":false,"_monsterinsights_sitenote_note":"","_monsterinsights_sitenote_category":0,"footnotes":""},"class_list":["post-41","page","type-page","status-publish","hentry"],"_links":{"self":[{"href":"https:\/\/www.habilitas.ro\/index.php\/wp-json\/wp\/v2\/pages\/41","targetHints":{"allow":["GET"]}}],"collection":[{"href":"https:\/\/www.habilitas.ro\/index.php\/wp-json\/wp\/v2\/pages"}],"about":[{"href":"https:\/\/www.habilitas.ro\/index.php\/wp-json\/wp\/v2\/types\/page"}],"author":[{"embeddable":true,"href":"https:\/\/www.habilitas.ro\/index.php\/wp-json\/wp\/v2\/users\/1"}],"replies":[{"embeddable":true,"href":"https:\/\/www.habilitas.ro\/index.php\/wp-json\/wp\/v2\/comments?post=41"}],"version-history":[{"count":3,"href":"https:\/\/www.habilitas.ro\/index.php\/wp-json\/wp\/v2\/pages\/41\/revisions"}],"predecessor-version":[{"id":365,"href":"https:\/\/www.habilitas.ro\/index.php\/wp-json\/wp\/v2\/pages\/41\/revisions\/365"}],"up":[{"embeddable":true,"href":"https:\/\/www.habilitas.ro\/index.php\/wp-json\/wp\/v2\/pages\/29"}],"wp:attachment":[{"href":"https:\/\/www.habilitas.ro\/index.php\/wp-json\/wp\/v2\/media?parent=41"}],"curies":[{"name":"wp","href":"https:\/\/api.w.org\/{rel}","templated":true}]}}