{"id":38,"date":"2015-07-13T09:21:20","date_gmt":"2015-07-13T09:21:20","guid":{"rendered":"http:\/\/www.habilitas.ro\/?page_id=38"},"modified":"2015-08-16T14:42:23","modified_gmt":"2015-08-16T14:42:23","slug":"amico","status":"publish","type":"page","link":"https:\/\/www.habilitas.ro\/index.php\/ro\/proiecte-incheiate\/amico\/","title":{"rendered":"AmiCo"},"content":{"rendered":"<h2 style=\"text-align: justify;\">Evaluarea competen\u0163elor personalului migrant \u00een \u00eengrijirea v\u00e2rstnicului (<span style=\"color: #2ecc71;\"><a style=\"color: #2ecc71;\" href=\"http:\/\/www.amico-online.org\/index.php?p=1\" target=\"_blank\">www.amico-online.org<\/a><\/span> \u015fi <span style=\"color: #2ecc71;\"><a style=\"color: #2ecc71;\" href=\"http:\/\/www.amico-tool.org\/moodle\/\" target=\"_blank\">www.amico-tool.org<\/a><\/span>)<\/h2>\n<p style=\"text-align: justify;\">Proiectul AMiCo a avut ca scop promovarea introducerii \u015fi implement\u0103rii a sistemului de credite ECVET pentru domeniul \u00cengrijirii V\u00e2rstnicilor \u00een cele cinci \u0163\u0103ri implicate \u00een acest proiect: Germania, Italia, Rom\u00e2nia, Polonia \u015fi Bulgaria. Proiectul a promovat mobilitatea lucratorilor califica\u0163i pe teritoriul Europei \u015fi integrarea lor pe pia\u0163a muncii \u00een \u0163\u0103rile \u00een care migreaz\u0103, precum \u015fi transparen\u0163a privind competen\u0163ele necesare \u00een \u00eengrijirea v\u00e2rstnicilor \u015fi evaluarea competen\u0163elor dob\u00e2ndite anterior care sunt relevante pentru \u00eengrijirea profesional\u0103 a v\u00e2rstnicilor. Prin intermediul unui instrument de evaluare bazat pe utilizarea internetului, o orientare important\u0103 a fost oferit\u0103 lucr\u0103torilor migran\u0163i, pentru organiza\u0163ii din domeniul educatiei si orientarii vocationale, pentru angajatori si pentru actorii-cheie de pe pia\u0163a muncii (ex: agen\u0163ii pentru ocuparea for\u0163ei de munc\u0103).<br \/>\nProiectul AMiCo a urm\u0103rit dou\u0103 obiective principale:<\/p>\n<p style=\"padding-left: 30px; text-align: justify;\">1. Implementarea \u015fi utilizarea sistemului ECVET (Sistemul european pentru acumularea \u015fi transferul punctelor de credit \u00een Educa\u0163ia \u015fi Formarea Voca\u0163ional\u0103) \u00een domeniul \u00cengrijirii V\u00e2rstnicilor \u00een \u0163\u0103rile implicate ;<br \/>\n2. Promovarea mobilita\u0163ii personalului calificat \u00een sectorul \u00eengrijirii v\u00e2rstnicilor \u00een Europa;<br \/>\nPagina web a AmiCo \u015fi instrumenul AmiCo nu ofer\u0103 numai informa\u0163ii \u015fi orientare profesioni\u015ftilor din domeniul \u00cengrijirii V\u00e2rstnicilor din Rom\u00e2nia \u015fi Polonia referitoare la pia\u0163a muncii din \u0163\u0103rile unde pot lucra. Acestea dau posibilitatea institu\u0163iilor pentru \u00cengrijirea V\u00e2rstnicului, furnizorilor de servicii de \u00eengrijiri ambulatorii \u015fi agen\u0163iilor de plasare private \u00een domeniul \u00cengrijirii V\u00e2rstnicului din Italia \u015fi Germania, s\u0103 angajeze personal potrivit cu competen\u0163ele profesionale \u015fi calific\u0103rile acestuia. Fire\u015fte, produsele AmiCo pot fi folosite \u015fi de organiza\u0163ii din domeniul educa\u0163iei voca\u0163ionale \u015fi consilierii, de angajatori \u015fi actori cheie de pe pia\u0163a muncii (ex.:agen\u0163ii de munc\u0103, centre pentru g\u0103sirea unui loc de munc\u0103).<br \/>\nAmiCo a dezvoltat o pagin\u0103 web informa\u0163ional\u0103 multilingvistic\u0103 \u015fi un instrument de autoevaluare bazat pe tehnologiile informatice (instrumentul Amico) pentru a furniza orient\u0103rile cruciale mai sus men\u0163ionate.<br \/>\nInstrumentul Internet rezultat d\u0103 posibiliatea persoanelor care lucreaz\u0103 \u00een \u00cengrijirea V\u00e2rstnicilor s\u0103 evalueze experien\u0163a relevant\u0103 profesional\u0103 \u015fi competen\u0163ele achizi\u0163ionate formal, informal sau non-formal.<br \/>\nInstrumentul ofer\u0103 transparen\u0163\u0103 referitor la profilele profesionale \u015fi domeniile de activitate \u00een \u00cengrijirea V\u00e2rstnicului \u00een cele cinci \u0163\u0103ri implicate \u00een proiect. Permite identificarea potrivirilor\/diferen\u0163elor, \u015fi furnizeaz\u0103 utilizatorilor individuali recomand\u0103ri referitoare la competen\u0163e suplimentare pe care trebuie s\u0103 le dobandeasc\u0103 \u00eenainte de a migra.<\/p>\n","protected":false},"excerpt":{"rendered":"<p>Evaluarea competen\u0163elor personalului migrant \u00een \u00eengrijirea v\u00e2rstnicului (www.amico-online.org \u015fi www.amico-tool.org)  [&#8230;]<\/p>\n","protected":false},"author":1,"featured_media":60,"parent":29,"menu_order":0,"comment_status":"open","ping_status":"open","template":"","meta":{"_monsterinsights_skip_tracking":false,"_monsterinsights_sitenote_active":false,"_monsterinsights_sitenote_note":"","_monsterinsights_sitenote_category":0,"footnotes":""},"class_list":["post-38","page","type-page","status-publish","has-post-thumbnail","hentry"],"_links":{"self":[{"href":"https:\/\/www.habilitas.ro\/index.php\/wp-json\/wp\/v2\/pages\/38","targetHints":{"allow":["GET"]}}],"collection":[{"href":"https:\/\/www.habilitas.ro\/index.php\/wp-json\/wp\/v2\/pages"}],"about":[{"href":"https:\/\/www.habilitas.ro\/index.php\/wp-json\/wp\/v2\/types\/page"}],"author":[{"embeddable":true,"href":"https:\/\/www.habilitas.ro\/index.php\/wp-json\/wp\/v2\/users\/1"}],"replies":[{"embeddable":true,"href":"https:\/\/www.habilitas.ro\/index.php\/wp-json\/wp\/v2\/comments?post=38"}],"version-history":[{"count":4,"href":"https:\/\/www.habilitas.ro\/index.php\/wp-json\/wp\/v2\/pages\/38\/revisions"}],"predecessor-version":[{"id":358,"href":"https:\/\/www.habilitas.ro\/index.php\/wp-json\/wp\/v2\/pages\/38\/revisions\/358"}],"up":[{"embeddable":true,"href":"https:\/\/www.habilitas.ro\/index.php\/wp-json\/wp\/v2\/pages\/29"}],"wp:featuredmedia":[{"embeddable":true,"href":"https:\/\/www.habilitas.ro\/index.php\/wp-json\/wp\/v2\/media\/60"}],"wp:attachment":[{"href":"https:\/\/www.habilitas.ro\/index.php\/wp-json\/wp\/v2\/media?parent=38"}],"curies":[{"name":"wp","href":"https:\/\/api.w.org\/{rel}","templated":true}]}}