{"id":36,"date":"2015-07-13T09:19:56","date_gmt":"2015-07-13T09:19:56","guid":{"rendered":"http:\/\/www.habilitas.ro\/?page_id=36"},"modified":"2015-08-16T15:19:28","modified_gmt":"2015-08-16T15:19:28","slug":"ideco","status":"publish","type":"page","link":"https:\/\/www.habilitas.ro\/index.php\/ro\/proiecte-incheiate\/ideco\/","title":{"rendered":"IDECO"},"content":{"rendered":"<h2 style=\"text-align: justify;\">\u00cembun\u0103t\u0103\u0163irea transparen\u0163ei pentru Coordonatorii de Departamente \u00een LTCI (<span style=\"color: #2ecc71;\"><a style=\"color: #2ecc71;\" href=\"http:\/\/www.idecoproject.eu\/index.php?lang=en\" target=\"_blank\">www.idecoproject.eu<\/a><\/span>)<\/h2>\n<p style=\"text-align: justify;\">Scopul proiectului: s\u0103 \u00eembun\u0103t\u0103\u0163easc\u0103 transparen\u0163a \u015fi s\u0103 faciliteze recunoa\u015fterea rezultatelor \u00eenv\u0103\u0163\u0103rii \u015fi calific\u0103rilor pentru profilul profesional al coordonatorului de departament la nivel european. Partenerii proiectului au facut eforturi pentru proceduri asociate de evaluare, transfer, validare \u015fi acumulare a rezultatelor \u00eenv\u0103\u0163\u0103rii dob\u00e2ndite \u00een cadrul educa\u0163iei formale, non-formale \u015fi informale, pentru elaborarea \u015fi aplicarea unor metode \u015fi ghiduri transferabile \u00een vederea \u00eemp\u0103r\u0163irii calificarilor \u00een unit\u0103\u0163i de \u00eenv\u0103\u0163are cu alocarea de puncte ECVET, baz\u00e2ndu-se pe specifica\u0163iile tehnice ECVET, pentru elaborarea \u015fi testarea standardelor de calitate pentru aplicarea sistemului ECVET la calific\u0103rile na\u0163ionale, sectoriale sau transna\u0163ionale, cu obiectivul de a emite un certificat de calitate ECVET pentru aceste calific\u0103ri, \u015fi, \u00een final, a fost testat un sistem ECVET pentru profilul profesional al coordonatorului de departament din institu\u0163iile de \u00eengrijire de lung\u0103 durat\u0103. Coordonatorul proiectului a fost Kairos S.p.A Italia.<br \/>\n\u0162\u0103rile partenere \u00een proiect au fost: Italia, Rom\u00e2nia, Germania, Fran\u0163a<\/p>\n","protected":false},"excerpt":{"rendered":"<p>\u00cembun\u0103t\u0103\u0163irea transparen\u0163ei pentru Coordonatorii de Departamente \u00een LTCI (www.idecoproject.eu) Scopul  [&#8230;]<\/p>\n","protected":false},"author":1,"featured_media":50,"parent":29,"menu_order":0,"comment_status":"open","ping_status":"open","template":"","meta":{"_monsterinsights_skip_tracking":false,"_monsterinsights_sitenote_active":false,"_monsterinsights_sitenote_note":"","_monsterinsights_sitenote_category":0,"footnotes":""},"class_list":["post-36","page","type-page","status-publish","has-post-thumbnail","hentry"],"_links":{"self":[{"href":"https:\/\/www.habilitas.ro\/index.php\/wp-json\/wp\/v2\/pages\/36","targetHints":{"allow":["GET"]}}],"collection":[{"href":"https:\/\/www.habilitas.ro\/index.php\/wp-json\/wp\/v2\/pages"}],"about":[{"href":"https:\/\/www.habilitas.ro\/index.php\/wp-json\/wp\/v2\/types\/page"}],"author":[{"embeddable":true,"href":"https:\/\/www.habilitas.ro\/index.php\/wp-json\/wp\/v2\/users\/1"}],"replies":[{"embeddable":true,"href":"https:\/\/www.habilitas.ro\/index.php\/wp-json\/wp\/v2\/comments?post=36"}],"version-history":[{"count":4,"href":"https:\/\/www.habilitas.ro\/index.php\/wp-json\/wp\/v2\/pages\/36\/revisions"}],"predecessor-version":[{"id":362,"href":"https:\/\/www.habilitas.ro\/index.php\/wp-json\/wp\/v2\/pages\/36\/revisions\/362"}],"up":[{"embeddable":true,"href":"https:\/\/www.habilitas.ro\/index.php\/wp-json\/wp\/v2\/pages\/29"}],"wp:featuredmedia":[{"embeddable":true,"href":"https:\/\/www.habilitas.ro\/index.php\/wp-json\/wp\/v2\/media\/50"}],"wp:attachment":[{"href":"https:\/\/www.habilitas.ro\/index.php\/wp-json\/wp\/v2\/media?parent=36"}],"curies":[{"name":"wp","href":"https:\/\/api.w.org\/{rel}","templated":true}]}}