{"id":33,"date":"2015-07-13T09:17:40","date_gmt":"2015-07-13T09:17:40","guid":{"rendered":"http:\/\/www.habilitas.ro\/?page_id=33"},"modified":"2015-08-16T15:34:20","modified_gmt":"2015-08-16T15:34:20","slug":"iqea","status":"publish","type":"page","link":"https:\/\/www.habilitas.ro\/index.php\/ro\/proiecte-incheiate\/iqea\/","title":{"rendered":"IQEA"},"content":{"rendered":"<h2 style=\"text-align: justify;\">\u00cembun\u0103t\u0103\u0163irea calific\u0103rii \u00eengrijitorilor persoanelor \u00een v\u00e2rsta (<span style=\"color: #2ecc71;\"><a style=\"color: #2ecc71;\" href=\"http:\/\/www.iqea.eu\/\" target=\"_blank\">www.iqea.eu<\/a><\/span>)<\/h2>\n<p style=\"text-align: justify;\">Scopul proiectului: dezvoltarea \u015fi experimentarea unui sistem ECVET pentru \u00eengrijitorul profesionist al persoanei \u00een v\u00e2rsta, care ofer\u0103 servicii la domiciliu sau \u00een institu\u0163ii (aziluri \/ ad\u0103posturi). Procesul a condus c\u0103tre semnarea unui acord de parteneriat \u00eentre institu\u0163ii din Italia, Rom\u00e2nia \u015fi Polonia, acord care permite studen\u0163ilor s\u0103 ob\u0163in\u0103 credite, s\u0103 achizi\u0163ioneze o calificare \u00een domeniul \u00eengrijirilor recunoscut\u0103 \u00een toate regiunile \u00een care a avut loc procesul de experimentare (Italia, Rom\u00e2nia \u015fi Polonia), indiferent de institu\u0163ia de formare care emite diploma. Coordonatorul proiectului a fost EXFOR Italia.<br \/>\n\u0162\u0103rile partenere au fost: Italia, Germania, Rom\u00e2nia \u015fi Polonia.<\/p>\n","protected":false},"excerpt":{"rendered":"<p>\u00cembun\u0103t\u0103\u0163irea calific\u0103rii \u00eengrijitorilor persoanelor \u00een v\u00e2rsta (www.iqea.eu) Scopul proiectului: dezvoltarea  [&#8230;]<\/p>\n","protected":false},"author":1,"featured_media":52,"parent":29,"menu_order":0,"comment_status":"open","ping_status":"open","template":"","meta":{"_monsterinsights_skip_tracking":false,"_monsterinsights_sitenote_active":false,"_monsterinsights_sitenote_note":"","_monsterinsights_sitenote_category":0,"footnotes":""},"class_list":["post-33","page","type-page","status-publish","has-post-thumbnail","hentry"],"_links":{"self":[{"href":"https:\/\/www.habilitas.ro\/index.php\/wp-json\/wp\/v2\/pages\/33","targetHints":{"allow":["GET"]}}],"collection":[{"href":"https:\/\/www.habilitas.ro\/index.php\/wp-json\/wp\/v2\/pages"}],"about":[{"href":"https:\/\/www.habilitas.ro\/index.php\/wp-json\/wp\/v2\/types\/page"}],"author":[{"embeddable":true,"href":"https:\/\/www.habilitas.ro\/index.php\/wp-json\/wp\/v2\/users\/1"}],"replies":[{"embeddable":true,"href":"https:\/\/www.habilitas.ro\/index.php\/wp-json\/wp\/v2\/comments?post=33"}],"version-history":[{"count":4,"href":"https:\/\/www.habilitas.ro\/index.php\/wp-json\/wp\/v2\/pages\/33\/revisions"}],"predecessor-version":[{"id":363,"href":"https:\/\/www.habilitas.ro\/index.php\/wp-json\/wp\/v2\/pages\/33\/revisions\/363"}],"up":[{"embeddable":true,"href":"https:\/\/www.habilitas.ro\/index.php\/wp-json\/wp\/v2\/pages\/29"}],"wp:featuredmedia":[{"embeddable":true,"href":"https:\/\/www.habilitas.ro\/index.php\/wp-json\/wp\/v2\/media\/52"}],"wp:attachment":[{"href":"https:\/\/www.habilitas.ro\/index.php\/wp-json\/wp\/v2\/media?parent=33"}],"curies":[{"name":"wp","href":"https:\/\/api.w.org\/{rel}","templated":true}]}}