{"id":3244,"date":"2024-11-27T08:39:45","date_gmt":"2024-11-27T08:39:45","guid":{"rendered":"https:\/\/www.habilitas.ro\/?page_id=3244"},"modified":"2024-11-27T08:41:57","modified_gmt":"2024-11-27T08:41:57","slug":"creative-care-programe-de-arta-participativa-pentru-persoanele-in-varsta-din-institutii-medicale","status":"publish","type":"page","link":"https:\/\/www.habilitas.ro\/index.php\/ro\/proiecte-in-derulare\/creative-care-programe-de-arta-participativa-pentru-persoanele-in-varsta-din-institutii-medicale\/","title":{"rendered":"CREATIVE CARE &#8211; Programe de art\u0103 participativ\u0103 pentru persoanele \u00een v\u00e2rst\u0103 din institu\u021bii medicale"},"content":{"rendered":"<p><a href=\"https:\/\/www.habilitas.ro\/wp-content\/uploads\/2024\/11\/logo_site.png\"><img decoding=\"async\" class=\"alignleft size-medium wp-image-3246\" src=\"https:\/\/www.habilitas.ro\/wp-content\/uploads\/2024\/11\/logo_site-300x268.png\" alt=\"\" width=\"300\" height=\"268\" srcset=\"https:\/\/www.habilitas.ro\/wp-content\/uploads\/2024\/11\/logo_site-200x179.png 200w, https:\/\/www.habilitas.ro\/wp-content\/uploads\/2024\/11\/logo_site-300x268.png 300w, https:\/\/www.habilitas.ro\/wp-content\/uploads\/2024\/11\/logo_site-400x358.png 400w, https:\/\/www.habilitas.ro\/wp-content\/uploads\/2024\/11\/logo_site-600x537.png 600w, https:\/\/www.habilitas.ro\/wp-content\/uploads\/2024\/11\/logo_site-768x687.png 768w, https:\/\/www.habilitas.ro\/wp-content\/uploads\/2024\/11\/logo_site-800x715.png 800w, https:\/\/www.habilitas.ro\/wp-content\/uploads\/2024\/11\/logo_site.png 871w\" sizes=\"(max-width: 300px) 100vw, 300px\" \/><\/a><\/p>\n<p>Combina\u021bia dintre s\u0103n\u0103tate, bun\u0103stare \u0219i creativitate poate face o mare diferen\u021b\u0103 \u00een a ajuta persoanele \u00een v\u00e2rst\u0103 s\u0103 se simt\u0103 mai incluse, reduc\u00e2nd stresul \u0219i \u00eembun\u0103t\u0103\u021bind experien\u021ba lor \u00een entit\u0103\u021bi de \u00eengrijire medical\u0103. Cu toate acestea, multe programe creative actuale pentru persoanele \u00een v\u00e2rst\u0103 din domeniul \u00eengrijirii medicale nu dispun de dovezi puternice care s\u0103 arate c\u0103 func\u021bioneaz\u0103. \u00cen plus, aceste programe trateaz\u0103 adesea persoanele \u00een v\u00e2rst\u0103 ca simpli observatori, mai degrab\u0103 dec\u00e2t participan\u021bi activi.Creative Care este un proiect Erasmus+ care \u00ee\u0219i propune s\u0103 consolideze capacitatea profesioni\u0219tilor care lucreaz\u0103 direct cu persoanele \u00een v\u00e2rst\u0103 \u00een institu\u021biile medicale, inclusiv spitale, centre de zi \u0219i case reziden\u021biale de \u00eengrijire, pentru a oferi programe \u0219i activit\u0103\u021bi artistice pentru persoanele \u00een v\u00e2rst\u0103, pe baza unei abord\u0103ri intergenera\u021bionale \u0219i participative.<\/p>\n<p>&nbsp;<\/p>\n<p>&nbsp;<\/p>\n<p><strong>Obiectivele noastre<\/strong><\/p>\n<ul>\n<li>Crearea de instrumente educa\u021bionale personalizate pentru Educa\u021bia Voca\u021bionala si Training (VET) privind aplicarea programelor de art\u0103 intergenera\u021bional\u0103 \u0219i participativ\u0103<\/li>\n<li>Introducerea de practici artistice, bazate pe dovezi, aplicate \u00een programele de asisten\u021b\u0103 medical\u0103 pentru persoanele \u00een v\u00e2rst\u0103<\/li>\n<li>\u00cembun\u0103t\u0103\u021birea cuno\u0219tin\u021belor \u0219i capacit\u0103\u021bii formatorilor VET de a oferi oportunit\u0103\u021bi de \u00eenv\u0103\u021bare profesioni\u0219tilor care lucreaz\u0103 cu persoane \u00een v\u00e2rst\u0103<\/li>\n<li>Promovarea con\u0219tientiz\u0103rii \u00een r\u00e2ndul profesioni\u0219tilor cu privire la beneficiile programelor de art\u0103 pentru persoanele \u00een v\u00e2rst\u0103 din institu\u021biile de asisten\u021b\u0103 medical\u0103<\/li>\n<\/ul>\n<p><strong>Despre proiect<\/strong><\/p>\n<p>Proiectul Creative Care<\/p>\n<p>Creative Care inten\u021bioneaz\u0103 s\u0103 exploreze poten\u021bialul proiect\u0103rii de programe de art\u0103 pentru persoanele \u00een v\u00e2rst\u0103 din institu\u021biile de asisten\u021b\u0103 medical\u0103 prin utilizarea proceselor \u0219i practicilor artistice angajate social, incluzive \u0219i participative bazate pe abordarea \u00eenv\u0103\u021b\u0103rii intergenera\u021bionale. Proiectul \u00ee\u0219i propune s\u0103 dezvolte \u0219i s\u0103 furnizeze materiale \u0219i instrumente relevante de educa\u021bie \u0219i formare profesional\u0103 (EFP) \u00een cadrul VET continuu pentru profesioni\u0219tii care doresc s\u0103-\u0219i \u00eembun\u0103t\u0103\u021beasc\u0103 abilit\u0103\u021bile la locul de munc\u0103. Se concentreaz\u0103 pe \u00eenv\u0103\u021barea \u0219i comunicarea intergenera\u021bional\u0103 pentru a se asigura c\u0103 programele \u0219i activit\u0103\u021bile artistice oferite sunt relevante pentru persoanele \u00een v\u00e2rst\u0103 \u0219i nu declan\u0219eaz\u0103 experien\u021be traumatice \u0219i \/ sau ne\u00een\u021belegeri.<\/p>\n<p><strong>Obiectivele noastre<\/strong><\/p>\n<ul>\n<li>Dezvoltarea unui set de resurse \u0219i instrumente VET atractive, inovatoare \u0219i adaptate privind proiectarea programelor de art\u0103 intergenera\u021bional\u0103 \u0219i participativ\u0103<\/li>\n<li>Introducerea practicilor artistice participative, angajate social ca abordare bazat\u0103 pe dovezi \u00een contextul programelor creative\/artistice pentru persoanele \u00een v\u00e2rst\u0103 din institu\u021biile medicale<\/li>\n<li>\u00cembun\u0103t\u0103\u021birea cuno\u0219tin\u021belor formatorilor \u0219i furnizorilor VET cu privire la tema \u0219i capacitatea de a oferi oportunit\u0103\u021bi relevante de \u00eenv\u0103\u021bare\/con\u0219tientizare profesioni\u0219tilor care lucreaz\u0103 cu persoane \u00een v\u00e2rst\u0103<\/li>\n<li>Stimularea interesului \u0219i sensibilizarea profesioni\u0219tilor \u0219i organiza\u021biilor cu privire la importan\u021ba \u0219i beneficiile programelor artistice angajate social pentru persoanele \u00een v\u00e2rst\u0103 din institu\u021biile de \u00eengrijire<\/li>\n<\/ul>\n<p>Proiectul este finan\u021bat cu sprijinul Comisiei Europene \u00een cadrul programului Erasmus+ \u0219i are o durat\u0103 de 24 de luni (01\/11\/2023-31\/10\/2025).<\/p>\n<p><strong>Rezultate &amp; Realiz\u0103ri<\/strong><\/p>\n<ul>\n<li>Ghid de bune practici \u0219i recomand\u0103ri pentru furnizorii de VET<\/li>\n<\/ul>\n<p>Cartografierea neconcordan\u021belor de \u00eenv\u0103\u021bare este utilizat\u0103 pentru a elabora recomand\u0103ri pentru furnizorii de VET cu competen\u021be relevante propuse pentru profesioni\u0219ti, inclusiv o propunere pentru con\u021binutul \u0219i metodologiile de formare pentru educa\u021bia VET \u00een domeniul programelor de arte creative pentru persoanele \u00een v\u00e2rst\u0103 din institu\u021biile de asisten\u021b\u0103 medical\u0103.<\/p>\n<p>Recomand\u0103rile urm\u0103resc s\u0103 dep\u0103\u0219easc\u0103 provoc\u0103rile \u0219i s\u0103 abordeze nevoile de \u00eenv\u0103\u021bare ale profesioni\u0219tilor \u00eentr-un mod eficient, precum \u0219i s\u0103 sporeasc\u0103 calitatea programelor VET oferite \u00een domeniul programelor artistice creative pentru persoanele \u00een v\u00e2rst\u0103 din institu\u021biile de \u00eengrijire medicala.<\/p>\n<p>Setul de recomand\u0103ri va fi \u00eenso\u021bit de exemple de bune practici identificate \u00een domeniul abord\u0103rii intergenera\u021bionale \u0219i al practicilor artistice participative angajate social. Ambele rezultate sunt transformate \u00eentr-o singur\u0103 bro\u0219ur\u0103 electronic\u0103 \u201eGhid de bune practici \u0219i recomand\u0103ri pentru furnizorii de EFP\u201d, disponibil\u0103 \u00een limbile englez\u0103, greac\u0103, rom\u00e2n\u0103 \u0219i german\u0103.<\/p>\n<ul>\n<li>Resursele de formare Creative Care<\/li>\n<\/ul>\n<p>Resursele de formare pentru furnizorii VET includ informa\u021bii relevante \u0219i u\u0219or de \u00een\u021beles despre abordarea intergenera\u021bional\u0103 \u0219i despre proiectarea \u0219i implementarea programelor de art\u0103 participativ\u0103 pentru persoanele \u00een v\u00e2rst\u0103 \u00een contextul set\u0103rilor de \u00eengrijire medical\u0103.<\/p>\n<p>Resursele de formare \u00ee\u0219i propun s\u0103 doteze furnizorii VET cu metodologii, instrumente \u0219i abilit\u0103\u021bi pentru a r\u0103spunde activ nevoilor profesioni\u0219tilor care lucreaz\u0103 direct cu persoanele \u00een v\u00e2rst\u0103. Acestea includ un Manual al formatorilor despre Proiectarea Programelor de Art\u0103 Intergenera\u021bionale, inclusiv module \u0219i diapozitive despre:<\/p>\n<p>&#8211; Valoarea artelor spectacolului pentru persoanele \u00een v\u00e2rst\u0103 \u00een set\u0103rile de \u00eengrijire medical\u0103;<\/p>\n<p>&#8211; Introducere \u00een concepte, beneficii, provoc\u0103ri, oportunit\u0103\u021bi;<\/p>\n<p>&#8211; Abordare \u0219i proiectare de programe intergenera\u021bionale;<\/p>\n<p>&#8211; Proiectarea \u0219i implementarea programelor de art\u0103;<\/p>\n<p>&#8211; Practici de art\u0103 social angajate \u0219i participative;<\/p>\n<p>&#8211; Oportunit\u0103\u021bi de finan\u021bare \u0219i acces.<\/p>\n<p>Resursele sunt disponibile \u00een limba englez\u0103, greac\u0103, rom\u00e2n\u0103 \u0219i german\u0103.<\/p>\n<ul>\n<li>Setul de instrumente Online Creative Care<\/li>\n<\/ul>\n<p>Setul de instrumente online ofer\u0103 resursele de formare dezvoltate \u00eentr-un mod accesibil \u0219i u\u0219or de utilizat.<\/p>\n<p>O platform\u0103 educa\u021bional\u0103 online cuprinz\u0103toare este disponibil\u0103 \u00een limbile englez\u0103, greac\u0103, rom\u00e2n\u0103 \u0219i german\u0103, ac\u021bion\u00e2nd ca principal\u0103 resurs\u0103 educa\u021bional\u0103 a proiectului.<\/p>\n<p>Aceasta include unit\u0103\u021bi de e-learning bazate pe Manualul formatorilor privind proiectarea programelor de art\u0103 intergenera\u021bional\u0103, care sunt disponibile \u00een limba englez\u0103 cu subtitrare \u00een greac\u0103, rom\u00e2n\u0103 \u0219i german\u0103.<\/p>\n<p>Seminariile online de \u201eformare a formatorilor\u201d din Grecia, Rom\u00e2nia \u0219i Austria, adresate furnizorilor \u0219i formatorilor din domeniul VET, utilizeaz\u0103, de asemenea, materialele \u0219i resursele.<\/p>\n<p><strong>Parteneri<\/strong><\/p>\n<p><strong>Funda\u0163ia de Sprijin Comunitar, Romania<\/strong><\/p>\n<p>Funda\u0163ia de Sprijin Comunitar (FSC) este o organiza\u021bie rom\u00e2neasc\u0103 non-profit implicat\u0103 \u00een dezvoltarea serviciilor, legisla\u021biei \u0219i politicilor pentru persoanele \u00een v\u00e2rst\u0103 din 1997. Viziunea FSC este de a crea o lume in care drepturile omului sunt respectate si persoaneleau acces la servicii adecvate, de calitate, oferite de profesionisti in propria comunitate.<\/p>\n<p>Cu o echipa de 150 de angajati si 250 de voluntari, FSC deserveste anual peste 5.000 de persoane prin furnizarea de servicii medicale, sociale si educationale persoanelor in varsta afectate de lipsa mobilitatii, boala si singuratate; de asemenea FSC lucreaza si cu copiii \u0219i familiile afectate de priva\u021biuni sociale, s\u0103r\u0103cie, neglijare etc.<\/p>\n<p>FSC coordoneaz\u0103 un centru de voluntariat care implic\u0103 peste 250 de tineri \u00een fiecare an \u0219i ofer\u0103 instruire acreditat\u0103 adul\u021bilor pe mai multe teme, cum ar fi: \u00eengrijirea la domiciliu pentru persoanele \u00een v\u00e2rst\u0103, lucrul cu artele combinate, managementul proiectelor etc.<\/p>\n<p>FSC, impreuna cu alte ONG-uri din Romania, a introdus \u201eingrijirea la domiciliu\u201d in clasificarea nationala a ocupatiilor, impreuna cu standardele de pregatire si curriculumul de formare. FSC este trainer acreditat in domeniu si a pregatit peste 1.000 de persoane in acest domeniu de-a lungul anilor.<\/p>\n<p>&nbsp;<\/p>\n<p><strong>KMOP Policy Center, Belgia\u00a0\u00a0\u00a0\u00a0\u00a0\u00a0\u00a0\u00a0\u00a0\u00a0\u00a0\u00a0\u00a0\u00a0\u00a0\u00a0\u00a0\u00a0\u00a0\u00a0\u00a0\u00a0\u00a0\u00a0 \u00a0\u00a0\u00a0<\/strong><\/p>\n<p>KMOP este una dintre cele mai vechi organiza\u021bii ale societ\u0103\u021bii civile din Grecia, cu 45 de ani de experien\u021b\u0103 \u00een furnizarea direct\u0103 de servicii sociale \u0219i implementarea ini\u021biativelor sociale \u00een sprijinirea persoanelor vulnerabile.<\/p>\n<p>KMOP studiaz\u0103 \u0219i analizeaz\u0103 provoc\u0103rile societale presante pentru a \u00een\u021belege societatea, propune interven\u021bii inovatoare, educ\u0103 \u0219i dezvolt\u0103 know-how-ul pentru a aborda problemele sociale bazate pe echitate, inovare, durabilitate \u0219i dezvoltare echilibrat\u0103.<\/p>\n<p>Sprijin\u0103 \u00een mod activ indivizii \u0219i comunit\u0103\u021bile prin furnizarea direct\u0103 de servicii sociale \u0219i oportunit\u0103\u021bi educa\u021bionale, punerea \u00een aplicare a ini\u021biativelor inovatoare, cercetarea \u0219i elaborarea politicilor de impact.<\/p>\n<p>&nbsp;<\/p>\n<p>KMOP Policy Center a fost \u00eenfiin\u021bat de KMOP, \u00een 2020, cu scopul de a efectua cercet\u0103ri aprofundate, de a produce politici de impact, bazate pe dovezi \u0219i de a pleda pe probleme sociale.<\/p>\n<p>Valorific\u00e2nd experien\u021ba \u00eendelungat\u0103 a KMOP \u00een furnizarea de servicii sociale, KMOP Policy Center analizeaz\u0103, proiecteaz\u0103 \u0219i recomand\u0103 politici care promoveaz\u0103 bun\u0103starea social\u0103, bun\u0103starea individual\u0103 \u0219i egalitatea de \u0219anse, aduc\u00e2nd schimb\u0103ri reale pentru indivizi \u0219i comunit\u0103\u021bi.\u00cen special, misiunea noastr\u0103 este de a oferi informa\u021bii cuprinz\u0103toare cu privire la elaborarea politicilor cu un impact social pozitiv.<\/p>\n<p>&nbsp;<\/p>\n<p><strong>ARTIT, Grecia\u00a0\u00a0\u00a0\u00a0\u00a0\u00a0\u00a0\u00a0\u00a0\u00a0\u00a0\u00a0\u00a0\u00a0\u00a0\u00a0\u00a0\u00a0\u00a0\u00a0\u00a0\u00a0\u00a0\u00a0\u00a0\u00a0\u00a0\u00a0\u00a0\u00a0\u00a0\u00a0\u00a0\u00a0\u00a0\u00a0\u00a0\u00a0\u00a0\u00a0\u00a0\u00a0\u00a0 <\/strong><\/p>\n<p>Artit este o organiza\u021bie Software as a Service (SaaS) de art\u0103 \u0219i cultur\u0103 fondat\u0103 \u00een 2021 pe baza convingerii c\u0103 arta este un instrument educa\u021bional puternic care faciliteaz\u0103 exprimarea de sine \u0219i declan\u0219eaz\u0103 schimbarea. Acesta utilizeaz\u0103 artele ca mijloc de educare \u0219i sensibilizare cu privire la provoc\u0103rile globale actuale, cu privire la aspecte legate de durabilitate, incluziune social\u0103, antreprenoriat, precum \u0219i s\u0103n\u0103tate mintal\u0103, creativitate \u0219i bun\u0103stare. \u00cen acest spirit, parteneriatele transna\u021bionale de colaborare reprezint\u0103 o modalitate esen\u021bial\u0103 prin care Artit r\u0103m\u00e2ne angajat social \u0219i \u00ee\u0219i practic\u0103 angajamentul fa\u021b\u0103 de societ\u0103\u021bi incluzive \u0219i \u00eenfloritoare.Artit a adoptat o abordare bazat\u0103 pe parteneriate cu mai multe p\u0103r\u021bi interesate, colabor\u00e2nd cu organiza\u021bii din sectorul public \u0219i privat, precum \u0219i cu creatori din \u00eentreaga lume, pentru a proiecta \u0219i implementa ac\u021biuni creative care sunt esen\u021biale pentru a conduce schimbarea social\u0103, pentru o lume mai incluziv\u0103, creativ\u0103 \u0219i durabil\u0103. Pentru a face acest lucru, proiecteaz\u0103 \u0219i implementeaz\u0103 proiecte inovatoare at\u00e2t la nivel na\u021bional, c\u00e2t \u0219i la nivel interna\u021bional. \u00cen prezent, este implicat\u0103 \u00een 10 proiecte ale UE, cre\u00e2nd o platform\u0103 digital\u0103 de anvergur\u0103 global\u0103 cu arti\u0219ti din \u00eentreaga lume.<\/p>\n<p>&nbsp;<\/p>\n<p><strong>Asocia\u0163ia Habilitas, Romania<\/strong><\/p>\n<p>Asocia\u021bia Habilitas a fost creat\u0103 \u00een 2007 cu scopul de a contribui la dezvoltarea educa\u021biei adul\u021bilor \u0219i a profesioni\u0219tilor. Habilitas dezvolt\u0103 continuu programe de formare pentru \u00eengrijitorii la domiciliu a v\u00e2rstnicilor, \u00een func\u021bie de nevoile identificate (\u00eembun\u0103t\u0103\u021birea practicii, a abilit\u0103\u021bilor de comunicare, \u00eembun\u0103t\u0103\u021birea abilit\u0103\u021bilor personale, respectarea drepturilor persoanelor v\u00e2rstnice, identificarea \u0219i prevenirea abuzului asupra v\u00e2rstnicilor) \u0219i lucreaz\u0103 la proiecte axate pe implicarea v\u00e2rstnicilor \u00een comunitate.<\/p>\n<p>Habilitas este membru al re\u021belei interna\u021bionale INPEA (International Network for the Prevention of Elder Abuse) \u0219i membru fondator al re\u021belei na\u021bionale SenioriNET, o re\u021bea de 58 de ONG-uri care sunt furnizori de servicii de \u00eengrijire la domiciliu pentru persoanele \u00een v\u00e2rst\u0103. Habilitas a dezvoltat rela\u021bii puternice de colaborare cu autorit\u0103\u021bile publice, furnizorii de servicii medicale, ONG-urile, sindicatele \u0219i universit\u0103\u021bile. Habilitas este membru al AGE PLATFORM EUROPE din 2022.<\/p>\n<p>Habilitas are o expertiz\u0103 specific\u0103 \u00een domeniul \u00eemb\u0103tr\u00e2nirii, inclusiv furnizarea de oportunit\u0103\u021bi educa\u021bionale sau resurse pentru persoanele \u00een v\u00e2rst\u0103, promovarea \u00eemb\u0103tr\u00e2nirii active \u0219i a incluziunii sociale a persoanelor \u00een v\u00e2rst\u0103, combaterea abuzului asupra persoanelor \u00een v\u00e2rst\u0103 \u0219i \u00eenc\u0103lcarea drepturilor acestora.<\/p>\n<p>&nbsp;<\/p>\n<p><strong>\u00d6<\/strong><strong>JAB <\/strong><strong>\u2013<\/strong> <strong>\u00d6<\/strong><strong>sterreichische Jungarbeiter Bewegung, Austria<\/strong><\/p>\n<p>\u00d6JAB (\u00d6sterreichische Jungarbeiterbewegung \/ Mi\u0219carea Tinerilor Muncitori din Austria) este o organiza\u021bie non-profit care ofer\u0103 studen\u021bilor \u0219i altor tinerie locuin\u021be \u00een apropierea locurilor lor de studiu, ofer\u0103 \u00eengrijire spitaliceasc\u0103 \u0219i mobil\u0103 \u0219i desf\u0103\u0219oar\u0103 proiecte \u00een domeniile educa\u021biei, integr\u0103rii, ajutor\u0103rii refugia\u021bilor \u0219i cooper\u0103rii pentru dezvoltare.Fiind unul dintre cei mai mari operatori de reziden\u021be din Austria, \u00d6JAB ofer\u0103 spa\u021bii de locuit pentru 4.600 de persoane \u00een 23 de c\u0103mine pentru studen\u021bi \u0219i al\u021bi tineri, dou\u0103 c\u0103mine intergenera\u021bionale, un c\u0103min intercultural \u0219i trei c\u0103mine pentru v\u00e2rstnici, precum \u0219i case de \u00eengrijire pentru v\u00e2rstnici.<\/p>\n<p>Din 2020, \u00d6JAB conduce o \u0219coal\u0103 de asisten\u021b\u0103 medical\u0103 unde asisten\u021bii medicali sunt instrui\u021bi \u00eentr-un curs de un an cu norm\u0103 \u00eentreag\u0103. Persoanele \u00een v\u00e2rst\u0103 din centrele \u00d6JAB primesc \u00eengrijire cald\u0103 \u0219i profesional\u0103 \u0219i se bucur\u0103, de asemenea, de \u00eent\u00e2lniri intergenera\u021bionale.\u00cen plus, \u00een fiecare an, \u00d6JAB sprijin\u0103 2.000 de tineri \u0219i adul\u021bi (\u00een cea mai mare parte din medii defavorizate din punct de vedere social) \u00een dob\u00e2ndirea educa\u021biei, precum \u0219i a form\u0103rii care \u00eei calific\u0103 pentru pia\u021ba muncii. \u00d6JAB particip\u0103, de asemenea, la proiecte educa\u021bionale la nivel european.<\/p>\n<p>&nbsp;<\/p>\n<p><strong>Website proiect CreativeCare:<\/strong><a href=\"https:\/\/www.creativecare-project.eu\/\">https:\/\/www.creativecare-project.eu\/<\/a><\/p>\n","protected":false},"excerpt":{"rendered":"<p>Combina\u021bia dintre s\u0103n\u0103tate, bun\u0103stare \u0219i creativitate poate face o mare  [&#8230;]<\/p>\n","protected":false},"author":1,"featured_media":0,"parent":160,"menu_order":0,"comment_status":"closed","ping_status":"closed","template":"100-width.php","meta":{"_monsterinsights_skip_tracking":false,"_monsterinsights_sitenote_active":false,"_monsterinsights_sitenote_note":"","_monsterinsights_sitenote_category":0,"footnotes":""},"class_list":["post-3244","page","type-page","status-publish","hentry"],"_links":{"self":[{"href":"https:\/\/www.habilitas.ro\/index.php\/wp-json\/wp\/v2\/pages\/3244","targetHints":{"allow":["GET"]}}],"collection":[{"href":"https:\/\/www.habilitas.ro\/index.php\/wp-json\/wp\/v2\/pages"}],"about":[{"href":"https:\/\/www.habilitas.ro\/index.php\/wp-json\/wp\/v2\/types\/page"}],"author":[{"embeddable":true,"href":"https:\/\/www.habilitas.ro\/index.php\/wp-json\/wp\/v2\/users\/1"}],"replies":[{"embeddable":true,"href":"https:\/\/www.habilitas.ro\/index.php\/wp-json\/wp\/v2\/comments?post=3244"}],"version-history":[{"count":3,"href":"https:\/\/www.habilitas.ro\/index.php\/wp-json\/wp\/v2\/pages\/3244\/revisions"}],"predecessor-version":[{"id":3248,"href":"https:\/\/www.habilitas.ro\/index.php\/wp-json\/wp\/v2\/pages\/3244\/revisions\/3248"}],"up":[{"embeddable":true,"href":"https:\/\/www.habilitas.ro\/index.php\/wp-json\/wp\/v2\/pages\/160"}],"wp:attachment":[{"href":"https:\/\/www.habilitas.ro\/index.php\/wp-json\/wp\/v2\/media?parent=3244"}],"curies":[{"name":"wp","href":"https:\/\/api.w.org\/{rel}","templated":true}]}}