{"id":3201,"date":"2024-05-07T07:47:18","date_gmt":"2024-05-07T07:47:18","guid":{"rendered":"https:\/\/www.habilitas.ro\/?page_id=3201"},"modified":"2024-05-07T07:47:18","modified_gmt":"2024-05-07T07:47:18","slug":"snaw-say-no-to-ageism-in-the-workplace-spune-nu-ageism-ului-la-locul-de-munca","status":"publish","type":"page","link":"https:\/\/www.habilitas.ro\/index.php\/ro\/snaw-say-no-to-ageism-in-the-workplace-spune-nu-ageism-ului-la-locul-de-munca\/","title":{"rendered":"SNAW \u2013 Say No to Ageism in the Workplace &#8211; Spune Nu Ageism-ului la Locul de Munc\u0103"},"content":{"rendered":"\n\t\t<style type=\"text\/css\">\n\t\t\t#gallery-1 {\n\t\t\t\tmargin: auto;\n\t\t\t}\n\t\t\t#gallery-1 .gallery-item {\n\t\t\t\tfloat: left;\n\t\t\t\tmargin-top: 10px;\n\t\t\t\ttext-align: center;\n\t\t\t\twidth: 50%;\n\t\t\t}\n\t\t\t#gallery-1 img {\n\t\t\t\tborder: 2px solid #cfcfcf;\n\t\t\t}\n\t\t\t#gallery-1 .gallery-caption {\n\t\t\t\tmargin-left: 0;\n\t\t\t}\n\t\t\t\/* see gallery_shortcode() in wp-includes\/media.php *\/\n\t\t<\/style>\n\t\t<div id='gallery-1' class='gallery galleryid-3201 gallery-columns-2 gallery-size-medium'><dl class='gallery-item'>\n\t\t\t<dt class='gallery-icon landscape'>\n\t\t\t\t<img decoding=\"async\" width=\"300\" height=\"167\" src=\"https:\/\/www.habilitas.ro\/wp-content\/uploads\/2024\/05\/Snaw-Logov2-300x167.png\" class=\"attachment-medium size-medium\" alt=\"\" srcset=\"https:\/\/www.habilitas.ro\/wp-content\/uploads\/2024\/05\/Snaw-Logov2-200x111.png 200w, https:\/\/www.habilitas.ro\/wp-content\/uploads\/2024\/05\/Snaw-Logov2-300x167.png 300w, https:\/\/www.habilitas.ro\/wp-content\/uploads\/2024\/05\/Snaw-Logov2-400x222.png 400w, https:\/\/www.habilitas.ro\/wp-content\/uploads\/2024\/05\/Snaw-Logov2-600x333.png 600w, https:\/\/www.habilitas.ro\/wp-content\/uploads\/2024\/05\/Snaw-Logov2-768x426.png 768w, https:\/\/www.habilitas.ro\/wp-content\/uploads\/2024\/05\/Snaw-Logov2.png 800w\" sizes=\"(max-width: 300px) 100vw, 300px\" \/>\n\t\t\t<\/dt><\/dl><dl class='gallery-item'>\n\t\t\t<dt class='gallery-icon landscape'>\n\t\t\t\t<img decoding=\"async\" width=\"300\" height=\"63\" src=\"https:\/\/www.habilitas.ro\/wp-content\/uploads\/2024\/05\/co-funded-by-european-union-300x63.png\" class=\"attachment-medium size-medium\" alt=\"\" srcset=\"https:\/\/www.habilitas.ro\/wp-content\/uploads\/2024\/05\/co-funded-by-european-union-200x42.png 200w, https:\/\/www.habilitas.ro\/wp-content\/uploads\/2024\/05\/co-funded-by-european-union-300x63.png 300w, https:\/\/www.habilitas.ro\/wp-content\/uploads\/2024\/05\/co-funded-by-european-union.png 360w\" sizes=\"(max-width: 300px) 100vw, 300px\" \/>\n\t\t\t<\/dt><\/dl><br style=\"clear: both\" \/>\n\t\t<\/div>\n\n<p><strong>Scopul proiectului<\/strong><\/p>\n<p>Cre\u0219terea longevit\u0103\u021bii \u0219i ratele sc\u0103zute de na\u0219teri \u0219i decese \u00een Europa contribuie la o popula\u021bie mai mare de persoane \u00een v\u00e2rst\u0103: un grup vulnerabil la discriminarea pe criterii de v\u00e2rst\u0103 la locul de munc\u0103. Participarea socio-economic\u0103 de acum, mai mare a adul\u021bilor \u00een v\u00e2rst\u0103 trebuie s\u0103 contribuie la \u00eemputernicirea lor \u00een loc s\u0103 aduc\u0103 efectele negative ale v\u00e2rstei asupra s\u0103n\u0103t\u0103\u021bii, drepturilor \u0219i productivit\u0103\u021bii lor. \u00cen acest context, SNAW va proiecta un curs online pentru a promova con\u0219tientizarea v\u00e2rstei la locul de munc\u0103, abord\u00e2nd eficient aceast\u0103 problem\u0103.<\/p>\n<p><strong>Activit\u0103\u021bi<\/strong><\/p>\n<p>Cursul online SNAW va viza peste 150 de angajatori \u0219i angaja\u021bi de toate v\u00e2rstele din diferite sectoare organiza\u021bionale, cum ar fi \u00eentreprinderile, ONG-urile, institu\u021biile de \u00eenv\u0103\u021b\u0103m\u00e2nt, societatea civil\u0103 \u0219i\/sau sectorul public la nivel european. Curriculumul cursului va fi informat de o revizuire sistematic\u0103 a literaturii \u0219i de cercet\u0103ri empirice.<\/p>\n<p><strong>Rezultate<\/strong><\/p>\n<p>Cursul online SNAW va include defini\u021bii ale v\u00e2rstei, modul \u00een care se manifest\u0103, efectele sale \u0219i cum s\u0103 fie abordat\u0103. Se estimeaz\u0103 c\u0103 acest curs online va ajunge la o gam\u0103 larg\u0103 de organiza\u021bii din Europa, promov\u00e2nd con\u0219tientizarea v\u00e2rstei la locul de munc\u0103 \u0219i \u00eemputernicind adul\u021bii mai \u00een v\u00e2rst\u0103.<\/p>\n<p><strong>Coordonator<\/strong><\/p>\n<p>Institutul pentru Inova\u021bie \u00een \u00cenv\u0103\u021bare (ILI) (Germania)<\/p>\n<p><strong>Parteneri <\/strong><\/p>\n<p>Re\u021beaua Demografic\u0103 (Germania)<\/p>\n<p>Universitatea Ora\u0219ului Dublin (Irlanda)<\/p>\n<p>Stimmuli pentru Schimbare Social\u0103 (Grecia)<\/p>\n<p>Asocia\u021bia Habilitas CRFP (Rom\u00e2nia)<\/p>\n<p>Sociedade Portuguesa de Inova\u00e7\u00e3o (Portugalia)<\/p>\n","protected":false},"excerpt":{"rendered":"<p>Scopul proiectului Cre\u0219terea longevit\u0103\u021bii \u0219i ratele sc\u0103zute de na\u0219teri \u0219i  [&#8230;]<\/p>\n","protected":false},"author":1,"featured_media":0,"parent":0,"menu_order":0,"comment_status":"closed","ping_status":"closed","template":"100-width.php","meta":{"_monsterinsights_skip_tracking":false,"_monsterinsights_sitenote_active":false,"_monsterinsights_sitenote_note":"","_monsterinsights_sitenote_category":0,"footnotes":""},"class_list":["post-3201","page","type-page","status-publish","hentry"],"_links":{"self":[{"href":"https:\/\/www.habilitas.ro\/index.php\/wp-json\/wp\/v2\/pages\/3201","targetHints":{"allow":["GET"]}}],"collection":[{"href":"https:\/\/www.habilitas.ro\/index.php\/wp-json\/wp\/v2\/pages"}],"about":[{"href":"https:\/\/www.habilitas.ro\/index.php\/wp-json\/wp\/v2\/types\/page"}],"author":[{"embeddable":true,"href":"https:\/\/www.habilitas.ro\/index.php\/wp-json\/wp\/v2\/users\/1"}],"replies":[{"embeddable":true,"href":"https:\/\/www.habilitas.ro\/index.php\/wp-json\/wp\/v2\/comments?post=3201"}],"version-history":[{"count":1,"href":"https:\/\/www.habilitas.ro\/index.php\/wp-json\/wp\/v2\/pages\/3201\/revisions"}],"predecessor-version":[{"id":3204,"href":"https:\/\/www.habilitas.ro\/index.php\/wp-json\/wp\/v2\/pages\/3201\/revisions\/3204"}],"wp:attachment":[{"href":"https:\/\/www.habilitas.ro\/index.php\/wp-json\/wp\/v2\/media?parent=3201"}],"curies":[{"name":"wp","href":"https:\/\/api.w.org\/{rel}","templated":true}]}}