{"id":253,"date":"2015-08-05T12:50:28","date_gmt":"2015-08-05T12:50:28","guid":{"rendered":"http:\/\/www.habilitas.ro\/?page_id=253"},"modified":"2015-08-16T16:18:33","modified_gmt":"2015-08-16T16:18:33","slug":"nu-abuzului","status":"publish","type":"page","link":"https:\/\/www.habilitas.ro\/index.php\/ro\/nu-abuzului\/","title":{"rendered":"Spune NU abuzului \u00eempotriva persoanelor v\u00e2rstnice!"},"content":{"rendered":"<p style=\"text-align: justify;\">Proiectul \u201cSpune Nu abuzului \u00eempotriva persoanelor v\u00e2rstnice\u201d este un proiect pilot, primul de acest tip \u00een Rom\u00e2nia \u015fi este finan\u0163at de Funda\u0163ia Lord Michelham of Hellingly, Elve\u0163ia.<\/p>\n<p style=\"text-align: justify;\">Acest proiect are doua axe principale de derulare: organizarea unei form\u0103ri de formatori ce va fi realizat\u0103 de Federation 3977 din Fran\u0163a \u015fi organizarea unei form\u0103ri pentru 25 de profesioni\u015fti care lucreaz\u0103 cu persoane v\u00e2rstnice.<\/p>\n<p style=\"text-align: justify;\">Aceste form\u0103ri au ca principal obiectiv cunoa\u015fterea \u015fi \u00een\u0163elegerea procesului de rele tratamente \u015fi bune tratamente, respectiv a modalit\u0103\u0163ii de ac\u0163iune \u00een scopul prevenirii maltrat\u0103rii v\u00e2rstnicilor.<\/p>\n<p style=\"text-align: justify;\">Printre rezultatele proiectului, se numar\u0103:<\/p>\n<p style=\"padding-left: 30px;\">&#8211; realizarea unui pliant referitor la abuzul asupra persoanelor v\u00e2rstnice<\/p>\n<p style=\"padding-left: 30px;\">&#8211; realizarea unui ghid referitor la abuzul asupra persoanelor v\u00e2rstnice<\/p>\n<p>\u00cen cadrul acestui proiect, Asocia\u0163ia Habilitas CRFP are ca partener Federation 3977 din Fran\u0163a.<\/p>\n","protected":false},"excerpt":{"rendered":"<p>Proiectul \u201cSpune Nu abuzului \u00eempotriva persoanelor v\u00e2rstnice\u201d este un proiect  [&#8230;]<\/p>\n","protected":false},"author":1,"featured_media":0,"parent":0,"menu_order":0,"comment_status":"open","ping_status":"open","template":"","meta":{"_monsterinsights_skip_tracking":false,"_monsterinsights_sitenote_active":false,"_monsterinsights_sitenote_note":"","_monsterinsights_sitenote_category":0,"footnotes":""},"class_list":["post-253","page","type-page","status-publish","hentry"],"_links":{"self":[{"href":"https:\/\/www.habilitas.ro\/index.php\/wp-json\/wp\/v2\/pages\/253","targetHints":{"allow":["GET"]}}],"collection":[{"href":"https:\/\/www.habilitas.ro\/index.php\/wp-json\/wp\/v2\/pages"}],"about":[{"href":"https:\/\/www.habilitas.ro\/index.php\/wp-json\/wp\/v2\/types\/page"}],"author":[{"embeddable":true,"href":"https:\/\/www.habilitas.ro\/index.php\/wp-json\/wp\/v2\/users\/1"}],"replies":[{"embeddable":true,"href":"https:\/\/www.habilitas.ro\/index.php\/wp-json\/wp\/v2\/comments?post=253"}],"version-history":[{"count":4,"href":"https:\/\/www.habilitas.ro\/index.php\/wp-json\/wp\/v2\/pages\/253\/revisions"}],"predecessor-version":[{"id":370,"href":"https:\/\/www.habilitas.ro\/index.php\/wp-json\/wp\/v2\/pages\/253\/revisions\/370"}],"wp:attachment":[{"href":"https:\/\/www.habilitas.ro\/index.php\/wp-json\/wp\/v2\/media?parent=253"}],"curies":[{"name":"wp","href":"https:\/\/api.w.org\/{rel}","templated":true}]}}