{"id":209,"date":"2015-07-30T07:06:24","date_gmt":"2015-07-30T07:06:24","guid":{"rendered":"http:\/\/www.habilitas.ro\/?page_id=209"},"modified":"2015-08-16T08:53:44","modified_gmt":"2015-08-16T08:53:44","slug":"despre-fondul-ong","status":"publish","type":"page","link":"https:\/\/www.habilitas.ro\/index.php\/ro\/fond-ong\/despre-fondul-ong\/","title":{"rendered":"Despre Fondul ONG"},"content":{"rendered":"<p style=\"text-align: justify;\"><a href=\"http:\/\/www.habilitas.ro\/wp-content\/uploads\/2015\/07\/Fond-ONG.jpg\"><img decoding=\"async\" class=\" size-medium wp-image-245 alignleft\" src=\"http:\/\/www.habilitas.ro\/wp-content\/uploads\/2015\/07\/Fond-ONG-300x176.jpg\" alt=\"Fond-ONG\" width=\"300\" height=\"176\" srcset=\"https:\/\/www.habilitas.ro\/wp-content\/uploads\/2015\/07\/Fond-ONG-300x176.jpg 300w, https:\/\/www.habilitas.ro\/wp-content\/uploads\/2015\/07\/Fond-ONG-1024x599.jpg 1024w, https:\/\/www.habilitas.ro\/wp-content\/uploads\/2015\/07\/Fond-ONG.jpg 1135w\" sizes=\"(max-width: 300px) 100vw, 300px\" \/><\/a>Sus\u0163inerea societ\u0103\u0163ii civile se numar\u0103 printre priorit\u0103\u0163ile cheie ale granturilor Spa\u0163iului Economic European (SEE) \u015fi norvegiene 2009-2014, program finan\u0163at de Islanda, Liechtenstein \u015fi Norvegia, a\u015fa cum se precizeaz\u0103 \u00een Memorandum-ul de \u00cen\u0163elegere privind implementarea acestui mecanism de finan\u0163are.<\/p>\n<p style=\"text-align: justify;\">Obiectivul general al Fondului ONG \u00een Romania este \u201cConsolidarea dezvolt\u0103rii societ\u0103\u0163ii civile \u015fi cre\u015fterea contribu\u0163iei la justi\u0163ia social\u0103, democra\u0163ie \u015fi dezvoltare sustenabil\u0103\u201d \u015fi va contribui la obiectivele generale ale Mecanismul Financiar al Spa\u0163iului Economic European (SEE) de a reduce disparit\u0103\u0163ile economice \u015fi sociale \u00een Spa\u0163iul Economic European \u015fi de a \u00eent\u0103ri rela\u0163iile bilaterale \u00eentre Rom\u00e2nia \u015fi statele donatoare Islanda, Liechtenstein \u015fi Norvegia.<br \/>\nOperatorul Fondului ONG \u00een Rom\u00e2nia este Funda\u0163ia pentru Dezvoltarea Societ\u0103\u0163ii Civile, \u00eempreun\u0103 cu partenerii s\u0103i Funda\u0163ia pentru Parteneriat \u015fi Centrul de Resurse pentru Comunit\u0103\u0163ile de Romi.<\/p>\n<p style=\"text-align: justify;\">Obiectivul general al Componentei IMPLICARE este de a \u00eencuraja ceta\u0163enia activ\u0103 \u015fi participarea la via\u0163a comunit\u0103\u0163ii, de a asigura respectarea \u015fi aplicarea valorilor democratice fundamentale.<\/p>\n<p style=\"text-align: justify;\">Obiectivul specific al Subcomponentei 1.2 \u2013 Voluntariat este de a sustine initiativele care aduc o contribu\u0163ie important\u0103 \u00een comunitate oferind tuturor v\u00e2rstelor \u015fi grupurilor sociale oportunitatea de a se implica \u00een actiuni voluntare.<\/p>\n","protected":false},"excerpt":{"rendered":"<p>Sus\u0163inerea societ\u0103\u0163ii civile se numar\u0103 printre priorit\u0103\u0163ile cheie ale granturilor  [&#8230;]<\/p>\n","protected":false},"author":1,"featured_media":0,"parent":190,"menu_order":0,"comment_status":"open","ping_status":"open","template":"","meta":{"_monsterinsights_skip_tracking":false,"_monsterinsights_sitenote_active":false,"_monsterinsights_sitenote_note":"","_monsterinsights_sitenote_category":0,"footnotes":""},"class_list":["post-209","page","type-page","status-publish","hentry"],"_links":{"self":[{"href":"https:\/\/www.habilitas.ro\/index.php\/wp-json\/wp\/v2\/pages\/209","targetHints":{"allow":["GET"]}}],"collection":[{"href":"https:\/\/www.habilitas.ro\/index.php\/wp-json\/wp\/v2\/pages"}],"about":[{"href":"https:\/\/www.habilitas.ro\/index.php\/wp-json\/wp\/v2\/types\/page"}],"author":[{"embeddable":true,"href":"https:\/\/www.habilitas.ro\/index.php\/wp-json\/wp\/v2\/users\/1"}],"replies":[{"embeddable":true,"href":"https:\/\/www.habilitas.ro\/index.php\/wp-json\/wp\/v2\/comments?post=209"}],"version-history":[{"count":5,"href":"https:\/\/www.habilitas.ro\/index.php\/wp-json\/wp\/v2\/pages\/209\/revisions"}],"predecessor-version":[{"id":350,"href":"https:\/\/www.habilitas.ro\/index.php\/wp-json\/wp\/v2\/pages\/209\/revisions\/350"}],"up":[{"embeddable":true,"href":"https:\/\/www.habilitas.ro\/index.php\/wp-json\/wp\/v2\/pages\/190"}],"wp:attachment":[{"href":"https:\/\/www.habilitas.ro\/index.php\/wp-json\/wp\/v2\/media?parent=209"}],"curies":[{"name":"wp","href":"https:\/\/api.w.org\/{rel}","templated":true}]}}