{"id":2072,"date":"2023-01-09T05:52:50","date_gmt":"2023-01-09T05:52:50","guid":{"rendered":"https:\/\/www.habilitas.ro\/?page_id=2072"},"modified":"2023-01-09T06:05:00","modified_gmt":"2023-01-09T06:05:00","slug":"mariposa","status":"publish","type":"page","link":"https:\/\/www.habilitas.ro\/index.php\/ro\/proiecte-in-derulare\/mariposa\/","title":{"rendered":"MARIPOSA"},"content":{"rendered":"\n<div class=\"wp-block-media-text alignwide is-stacked-on-mobile\"><figure class=\"wp-block-media-text__media\"><img decoding=\"async\" width=\"278\" height=\"108\" src=\"https:\/\/www.habilitas.ro\/wp-content\/uploads\/2023\/01\/image-5.png\" alt=\"\" class=\"wp-image-2074 size-full\"\/><\/figure><div class=\"wp-block-media-text__content\"><div class=\"wp-block-image\">\n<figure class=\"aligncenter size-full\"><a href=\"https:\/\/www.habilitas.ro\/wp-content\/uploads\/2023\/01\/image-7.png\"><img decoding=\"async\" width=\"307\" height=\"67\" src=\"https:\/\/www.habilitas.ro\/wp-content\/uploads\/2023\/01\/image-7.png\" alt=\"\" class=\"wp-image-2076\" srcset=\"https:\/\/www.habilitas.ro\/wp-content\/uploads\/2023\/01\/image-7-300x65.png 300w, https:\/\/www.habilitas.ro\/wp-content\/uploads\/2023\/01\/image-7.png 307w\" sizes=\"(max-width: 307px) 100vw, 307px\" \/><\/a><\/figure><\/div><\/div><\/div>\n\n\n\n<p><strong>Proiect nr. 2021-1-ES01-KA220-ADU-000033400<\/strong><\/p>\n\n\n\n<p>Violen\u021ba zdrobe\u0219te identitatea unei femei \u0219i o face s\u0103 se piard\u0103 din vedere pe ea \u00eens\u0103\u0219i \u0219i&nbsp; resursele ei unice.<\/p>\n\n\n\n<p>Abilitatea de a identifica rela\u021biile toxice \u0219i dinamica puterii care stau la baza fenomenului violen\u021bei bazate pe gen reprezint\u0103 primul pas necesar pentru a rupe ciclul violen\u021bei, a reconstrui stima de sine \u0219i a crea un plan personal de via\u021b\u0103 pentru viitor.<\/p>\n\n\n\n<p>Proiectul Mariposa ofer\u0103 noi instrumente care pot ajuta femeile afectate de violen\u021ba de gen s\u0103 identifice dinamica nes\u0103n\u0103toas\u0103 \u00een care sunt implicate \u0219i s\u0103 le dep\u0103\u0219easc\u0103 prin dezvoltarea unui plan de via\u021b\u0103 personal \u0219i orientarea c\u0103tre un sprijin profesional relevant. \u00cen acela\u0219i timp, inten\u021bion\u0103m s\u0103 ghid\u0103m colegii \u0219i sus\u021bin\u0103torii \u00een \u00eencurajarea responsabiliz\u0103rii femeilor afectate de violen\u021ba de gen \u0219i \u00een dezvoltarea re\u021belelor de sprijin \u0219i a campaniilor pentru prevenirea \u0219i lupta \u00eempotriva violen\u021bei de gen.<\/p>\n\n\n\n<p>Proiectul Mariposa este un proiect Erasmus+ Parteneriate de cooperare si este finantat de Uniunea Europeana. Are o durata de 2 ani.<\/p>\n\n\n\n<p>Obiective<\/p>\n\n\n\n<p>&nbsp;&nbsp;&nbsp;&nbsp;&nbsp;&nbsp;&nbsp;&nbsp;&nbsp;&nbsp;&nbsp; Sprijinirea femeilor afectate de violen\u021ba de gen pentru a se rupe de ciclul violen\u021bei, a-\u0219i reconstrui stima de sine \u0219i a crea un plan de via\u021b\u0103 pentru un viitor f\u0103r\u0103 violen\u021b\u0103<\/p>\n\n\n\n<p>&nbsp;&nbsp;&nbsp;&nbsp;&nbsp;&nbsp;&nbsp;&nbsp;&nbsp;&nbsp;&nbsp; \u00cendrumarea colegilor \u0219i sus\u021bin\u0103torilor \u00een \u00eencurajarea responsabiliz\u0103rii femeilor afectate de violen\u021ba de gen<\/p>\n\n\n\n<p>&nbsp;&nbsp;&nbsp;&nbsp;&nbsp;&nbsp;&nbsp;&nbsp;&nbsp;&nbsp;&nbsp; Dezvoltarea re\u021belelor de sprijin \u0219i realizarea de campanii de prevenire \u0219i combatere a violen\u021bei de gen<\/p>\n\n\n\n<p>&nbsp;Resurse<\/p>\n\n\n\n<p>&nbsp;&nbsp;&nbsp;&nbsp;&nbsp;&nbsp;&nbsp;&nbsp;&nbsp;&nbsp;&nbsp; \u201cEu si Resursele Mele\u201d, un instrument online interactiv care sprijin\u0103 femeile afectate de violen\u021ba de gen s\u0103 \u00ee\u0219i identifice resursele \u0219i s\u0103 stabileasc\u0103 obiective prin utilizarea simbolurilor<\/p>\n\n\n\n<p>&nbsp;&nbsp;&nbsp;&nbsp;&nbsp;&nbsp;&nbsp;&nbsp;&nbsp;&nbsp;&nbsp; \u201cEmpowerME\u201d, un instrument online interactiv care sprijin\u0103 femeile afectate de violen\u021ba de gen s\u0103 reflecteze asupra mecanismelor de adaptare \u0219i emo\u021biilor lor pentru \u00eemputernicire \u0219i auto-sprijinire prin utilizarea simbolurilor<\/p>\n\n\n\n<p>&nbsp;&nbsp;&nbsp;&nbsp;&nbsp;&nbsp;&nbsp;&nbsp;&nbsp;&nbsp;&nbsp; Un ghid pentru sprijinul de la egal la egal, cu instruc\u021biuni despre cum s\u0103 sprijine femeile afectate de violen\u021ba de gen \u0219i s\u0103 \u00eencurajeze \u00eemputernicirea acestora<\/p>\n\n\n\n<p>&nbsp;&nbsp;&nbsp;&nbsp;&nbsp;&nbsp;&nbsp;&nbsp;&nbsp;&nbsp;&nbsp; Un ghid pentru crearea de re\u021bele \u0219i campanii, pentru oricine dore\u0219te s\u0103 fac\u0103 campanie \u00eempotriva violen\u021bei de gen<\/p>\n\n\n\n<p>Resursele vor fi disponibile \u00een englez\u0103, spaniol\u0103, greac\u0103, italian\u0103, francez\u0103, german\u0103 \u0219i rom\u00e2n\u0103.<\/p>\n\n\n\n<p>CONTACTE<\/p>\n\n\n\n<p>Site-ul web: <a href=\"https:\/\/mariposaproject.eu\/\">https:\/\/mariposaproject.eu\/<\/a><\/p>\n\n\n\n<p>Urm\u0103ri\u021bi site-ul nostru pentru a vedea oportunit\u0103\u021bi despre cum s\u0103 v\u0103 implica\u021bi!<\/p>\n\n\n\n<p>COORDONATOR<\/p>\n\n\n\n<p>Asocia\u021bia Caminos<\/p>\n\n\n\n<p>www.asoccaminos.org<\/p>\n\n\n\n<p>Pentru mai multe informa\u021bii \u0219i modalit\u0103\u021bi de participare in cadrul proiectului \u00een Spania, Grecia, Fran\u021ba, Italia, Rom\u00e2nia, Austria, v\u0103 rug\u0103m s\u0103 contacta\u021bi partenerul local.<\/p>\n\n\n\n<p>PARTENERI:<\/p>\n\n\n\n<p>\u2022&nbsp;&nbsp;&nbsp;&nbsp;&nbsp;&nbsp;&nbsp;&nbsp;&nbsp; Asociaci\u00f3n Caminos, https:\/\/www.asoccaminos.org\/&nbsp; (Spania, coordonator),<\/p>\n\n\n\n<p>\u2022&nbsp;&nbsp;&nbsp;&nbsp;&nbsp;&nbsp;&nbsp;&nbsp;&nbsp; Asociatia Habilitas, https:\/\/www.habilitas.ro\/&nbsp; (Romania),<\/p>\n\n\n\n<p>\u2022&nbsp;&nbsp;&nbsp;&nbsp;&nbsp;&nbsp;&nbsp;&nbsp;&nbsp; GeSoB (Society for Social Research and Education), https:\/\/www.gesob.at\/&nbsp; (Austria),<\/p>\n\n\n\n<p>\u2022&nbsp;&nbsp;&nbsp;&nbsp;&nbsp;&nbsp;&nbsp;&nbsp;&nbsp; CESIE, www.cesie.org&nbsp; (Italia),<\/p>\n\n\n\n<p>\u2022&nbsp;&nbsp;&nbsp;&nbsp;&nbsp;&nbsp;&nbsp;&nbsp;&nbsp; Elan Interculturel, www.elaninterculturel.com&nbsp; (Fran\u021ba),<\/p>\n\n\n\n<p>\u2022&nbsp;&nbsp;&nbsp;&nbsp;&nbsp;&nbsp;&nbsp;&nbsp;&nbsp; EDRA, https:\/\/www.edra-coop.gr\/en\/&nbsp; (Grecia).<\/p>\n\n\n\n<figure class=\"wp-block-image size-large\"><a href=\"https:\/\/www.habilitas.ro\/wp-content\/uploads\/2023\/01\/image-8.png\"><img decoding=\"async\" width=\"1024\" height=\"250\" src=\"https:\/\/www.habilitas.ro\/wp-content\/uploads\/2023\/01\/image-8-1024x250.png\" alt=\"\" class=\"wp-image-2077\" srcset=\"https:\/\/www.habilitas.ro\/wp-content\/uploads\/2023\/01\/image-8-300x73.png 300w, https:\/\/www.habilitas.ro\/wp-content\/uploads\/2023\/01\/image-8-600x147.png 600w, https:\/\/www.habilitas.ro\/wp-content\/uploads\/2023\/01\/image-8-768x188.png 768w, https:\/\/www.habilitas.ro\/wp-content\/uploads\/2023\/01\/image-8-1024x250.png 1024w, https:\/\/www.habilitas.ro\/wp-content\/uploads\/2023\/01\/image-8.png 1288w\" sizes=\"(max-width: 1024px) 100vw, 1024px\" \/><\/a><\/figure>\n","protected":false},"excerpt":{"rendered":"<p>Proiect nr. 2021-1-ES01-KA220-ADU-000033400 Violen\u021ba zdrobe\u0219te identitatea unei femei \u0219i o  [&#8230;]<\/p>\n","protected":false},"author":1,"featured_media":0,"parent":160,"menu_order":0,"comment_status":"closed","ping_status":"closed","template":"","meta":{"_monsterinsights_skip_tracking":false,"_monsterinsights_sitenote_active":false,"_monsterinsights_sitenote_note":"","_monsterinsights_sitenote_category":0,"footnotes":""},"class_list":["post-2072","page","type-page","status-publish","hentry"],"_links":{"self":[{"href":"https:\/\/www.habilitas.ro\/index.php\/wp-json\/wp\/v2\/pages\/2072","targetHints":{"allow":["GET"]}}],"collection":[{"href":"https:\/\/www.habilitas.ro\/index.php\/wp-json\/wp\/v2\/pages"}],"about":[{"href":"https:\/\/www.habilitas.ro\/index.php\/wp-json\/wp\/v2\/types\/page"}],"author":[{"embeddable":true,"href":"https:\/\/www.habilitas.ro\/index.php\/wp-json\/wp\/v2\/users\/1"}],"replies":[{"embeddable":true,"href":"https:\/\/www.habilitas.ro\/index.php\/wp-json\/wp\/v2\/comments?post=2072"}],"version-history":[{"count":3,"href":"https:\/\/www.habilitas.ro\/index.php\/wp-json\/wp\/v2\/pages\/2072\/revisions"}],"predecessor-version":[{"id":2096,"href":"https:\/\/www.habilitas.ro\/index.php\/wp-json\/wp\/v2\/pages\/2072\/revisions\/2096"}],"up":[{"embeddable":true,"href":"https:\/\/www.habilitas.ro\/index.php\/wp-json\/wp\/v2\/pages\/160"}],"wp:attachment":[{"href":"https:\/\/www.habilitas.ro\/index.php\/wp-json\/wp\/v2\/media?parent=2072"}],"curies":[{"name":"wp","href":"https:\/\/api.w.org\/{rel}","templated":true}]}}