{"id":2042,"date":"2022-12-24T16:12:46","date_gmt":"2022-12-24T16:12:46","guid":{"rendered":"https:\/\/www.habilitas.ro\/?page_id=2042"},"modified":"2022-12-24T16:19:05","modified_gmt":"2022-12-24T16:19:05","slug":"pia-lucratorii-de-suport-o-forta-inovatoare-in-sustinerea-ingrijirii-persoanelor-cu-dementa","status":"publish","type":"page","link":"https:\/\/www.habilitas.ro\/index.php\/ro\/pia-lucratorii-de-suport-o-forta-inovatoare-in-sustinerea-ingrijirii-persoanelor-cu-dementa\/","title":{"rendered":"PIA &#8211; Lucr\u0103torii de suport &#8211; O for\u021b\u0103 inovatoare \u00een sus\u021binerea \u00eengrijirii persoanelor cu demen\u021b\u0103"},"content":{"rendered":"\n<div class=\"wp-block-columns is-layout-flex wp-container-core-columns-is-layout-9d6595d7 wp-block-columns-is-layout-flex\">\n<div class=\"wp-block-column is-layout-flow wp-block-column-is-layout-flow\">\n<figure class=\"wp-block-image size-full\"><a href=\"https:\/\/www.habilitas.ro\/wp-content\/uploads\/2022\/12\/image-8.png\"><img decoding=\"async\" width=\"253\" height=\"100\" src=\"https:\/\/www.habilitas.ro\/wp-content\/uploads\/2022\/12\/image-8.png\" alt=\"\" class=\"wp-image-2057\"\/><\/a><\/figure>\n<\/div>\n\n\n\n<div class=\"wp-block-column is-layout-flow wp-block-column-is-layout-flow\">\n<figure class=\"wp-block-image size-full\"><a href=\"https:\/\/www.habilitas.ro\/wp-content\/uploads\/2022\/12\/image-9.png\"><img decoding=\"async\" width=\"326\" height=\"76\" src=\"https:\/\/www.habilitas.ro\/wp-content\/uploads\/2022\/12\/image-9.png\" alt=\"\" class=\"wp-image-2058\" srcset=\"https:\/\/www.habilitas.ro\/wp-content\/uploads\/2022\/12\/image-9-300x70.png 300w, https:\/\/www.habilitas.ro\/wp-content\/uploads\/2022\/12\/image-9.png 326w\" sizes=\"(max-width: 326px) 100vw, 326px\" \/><\/a><\/figure>\n<\/div>\n<\/div>\n\n\n\n<p>Proiect Nr: 2021-1-NO01-KA220-ADU-000026860<\/p>\n\n\n\n<p>P.I.A. \u00ee\u0219i propune s\u0103 introduc\u0103 profilul Lucr\u0103torilor de Suport \u00een \u00eengrijirea demen\u021bei, prin implicarea (fo\u0219tilor) \u00eengrijitori informali ai persoanelor cu demen\u021b\u0103.<\/p>\n\n\n\n<p>PARTENERIAT<\/p>\n\n\n\n<p>&#8211; Norvegia &#8211; KBT Vocational School &#8211; <a href=\"http:\/\/WWW.KBTFAGSKOLE.NO\">WWW.KBTFAGSKOLE.NO<\/a><\/p>\n\n\n\n<p>&#8211; Grecia- Alzheimer Hellas &#8211; <a href=\"http:\/\/WWW.ALZHEIMER-HELLAS.GR\">WWW.ALZHEIMER-HELLAS.GR<\/a><\/p>\n\n\n\n<p>&#8211; Romania &#8211; Asocia\u021bia Habilitas &#8211; <a href=\"http:\/\/WWW.HABILITAS.RO\">WWW.HABILITAS.RO<\/a><\/p>\n\n\n\n<p>&#8211; Italia- Anziani e Non Solo &#8211; <a href=\"http:\/\/WWW.ANZIANIENONSOLO.IT\">WWW.ANZIANIENONSOLO.IT<\/a><\/p>\n\n\n\n<p>&#8211; Romania &#8211; Asociatia Afect<\/p>\n\n\n\n<p>O VIA\u021a\u0102 MAI BUN\u0102 PENTRU PERSOANELE CU DEMEN\u021b\u0102!<\/p>\n\n\n\n<p>\u00cen ultimii ani, Lucr\u0103torii de Suport au fost angaja\u021bi \u00een serviciile de s\u0103n\u0103tate \u0219i stare de bine ca o resurs\u0103 pentru a promova perspectiva utilizatorului, a consolida orientarea c\u0103tre recuperare \u0219i a adapta mai bine serviciile la nevoile utilizatorilor.<\/p>\n\n\n\n<p>Proiectul PIA \u00ee\u0219i propune s\u0103 promoveze valorile \u0219i m\u0103surile pentru o via\u021b\u0103 mai bun\u0103 pentru persoanele cu demen\u021b\u0103 \u0219i modul de a crea participarea \u0219i coproduc\u021bia \u00eentre furnizorii de servicii \u0219i familiile beneficiarilor de servicii. Acest lucru necesit\u0103 educa\u021bie, formare \u0219i schimbare de atitudini \u00een r\u00e2ndul \u00eengrijitorilor informali, profesioni\u0219tilor \u0219i factorilor de decizie.<\/p>\n\n\n\n<p>Proiectul va r\u0103spunde acestor nevoi prin partajarea competen\u021belor \u0219i consolidarea capacit\u0103\u021bilor \u00een educa\u021bie \u0219i formare pentru lucr\u0103torii de la egal la egal \u00een demen\u021b\u0103.<\/p>\n\n\n\n<p>Scopul proiectului este de a contribui la crearea de servicii durabile \u0219i de \u00eembun\u0103t\u0103\u021bire a competen\u021belor pentru persoanele cu demen\u021b\u0103 prin g\u0103sirea de noi modalit\u0103\u021bi de a implica utilizatorii \u0219i \u00eengrijitorii lor informali \u00een dezvoltarea serviciilor. Proiectul va ajuta, de asemenea, la reducerea ru\u0219inii, stigmatiz\u0103rii \u0219i tabu-ului asociate cu demen\u021ba, astfel \u00eenc\u00e2t persoanele afectate s\u0103 poat\u0103 c\u0103uta ajutor \u00eentr-o faz\u0103 mai timpurie a bolii.<\/p>\n\n\n\n<p>PIA va crea o platform\u0103 digital\u0103 care faciliteaz\u0103 crearea de re\u021bele \u00een \u021b\u0103rile participante pentru a aborda provoc\u0103rile legate de demen\u021b\u0103 \u0219i va stmula implicarea cu cadre de referin\u021b\u0103 mai largi ca poten\u021bial pentru a permite modele mai \u00eendr\u0103zne\u021be \u0219i mai bune de \u00eengrijire a demen\u021bei.<\/p>\n\n\n\n<p>REZULTATELE PROIECTULUI:<\/p>\n\n\n\n<p>&#8211; Materiale \u0219i metodologie de formare &#8211; Dezvoltarea resurselor de formare dedicate pentru lucr\u0103torii de sprijin de la egal la egal \u00een \u00eengrijirea demen\u021bei.<\/p>\n\n\n\n<p>&#8211; Orient\u0103ri pentru implicarea \u0219i \u00eemputernicirea lucr\u0103torilor \u00een sprijinul colegilor. Dezvoltarea platformei digitale de comunicare \u0219i colaborare. Crearea unei re\u021bele pentru \u00eemp\u0103rt\u0103\u0219irea experien\u021bei \u0219i a cuno\u0219tin\u021belor. &#8211; Strategii pentru o implicare sporit\u0103 a \u00eengrijitorilor informali \u00een furnizarea \u0219i proiectarea de \u00eengrijire a demen\u021bei\u2013 activit\u0103\u0163i de advocacy.<\/p>\n","protected":false},"excerpt":{"rendered":"<p>Proiect Nr: 2021-1-NO01-KA220-ADU-000026860 P.I.A. \u00ee\u0219i propune s\u0103 introduc\u0103 profilul Lucr\u0103torilor  [&#8230;]<\/p>\n","protected":false},"author":1,"featured_media":0,"parent":0,"menu_order":0,"comment_status":"closed","ping_status":"closed","template":"","meta":{"_monsterinsights_skip_tracking":false,"_monsterinsights_sitenote_active":false,"_monsterinsights_sitenote_note":"","_monsterinsights_sitenote_category":0,"footnotes":""},"class_list":["post-2042","page","type-page","status-publish","hentry"],"_links":{"self":[{"href":"https:\/\/www.habilitas.ro\/index.php\/wp-json\/wp\/v2\/pages\/2042","targetHints":{"allow":["GET"]}}],"collection":[{"href":"https:\/\/www.habilitas.ro\/index.php\/wp-json\/wp\/v2\/pages"}],"about":[{"href":"https:\/\/www.habilitas.ro\/index.php\/wp-json\/wp\/v2\/types\/page"}],"author":[{"embeddable":true,"href":"https:\/\/www.habilitas.ro\/index.php\/wp-json\/wp\/v2\/users\/1"}],"replies":[{"embeddable":true,"href":"https:\/\/www.habilitas.ro\/index.php\/wp-json\/wp\/v2\/comments?post=2042"}],"version-history":[{"count":2,"href":"https:\/\/www.habilitas.ro\/index.php\/wp-json\/wp\/v2\/pages\/2042\/revisions"}],"predecessor-version":[{"id":2060,"href":"https:\/\/www.habilitas.ro\/index.php\/wp-json\/wp\/v2\/pages\/2042\/revisions\/2060"}],"wp:attachment":[{"href":"https:\/\/www.habilitas.ro\/index.php\/wp-json\/wp\/v2\/media?parent=2042"}],"curies":[{"name":"wp","href":"https:\/\/api.w.org\/{rel}","templated":true}]}}