{"id":194,"date":"2015-07-30T06:46:51","date_gmt":"2015-07-30T06:46:51","guid":{"rendered":"http:\/\/www.habilitas.ro\/?page_id=194"},"modified":"2015-08-23T08:20:20","modified_gmt":"2015-08-23T08:20:20","slug":"despre-proiect","status":"publish","type":"page","link":"https:\/\/www.habilitas.ro\/index.php\/ro\/fond-ong\/despre-proiect\/","title":{"rendered":"Despre proiect"},"content":{"rendered":"<h3 style=\"text-align: justify;\"><a href=\"http:\/\/www.habilitas.ro\/wp-content\/uploads\/2015\/07\/VS_curba.jpg\"><img decoding=\"async\" class=\"aligncenter size-full wp-image-272\" src=\"http:\/\/www.habilitas.ro\/wp-content\/uploads\/2015\/07\/VS_curba.jpg\" alt=\"VS_curba\" width=\"600\" height=\"143\" srcset=\"https:\/\/www.habilitas.ro\/wp-content\/uploads\/2015\/07\/VS_curba-300x72.jpg 300w, https:\/\/www.habilitas.ro\/wp-content\/uploads\/2015\/07\/VS_curba.jpg 600w\" sizes=\"(max-width: 600px) 100vw, 600px\" \/><\/a><\/h3>\n<h2 class=\"entry-title \" style=\"text-align: justify;\">SENIORII \u2013 Resurse \u00een comunitate: Voluntariat la v\u00e2rsta a treia<\/h2>\n<p style=\"text-align: justify;\">Proiectul este finan\u0163at prin granturile SEE 2009 \u2013 2014, \u00een cadrul Fondului ONG \u00een Rom\u00e2nia, Componenta Implicare, Sub-componenta Voluntariat.<\/p>\n<p style=\"text-align: justify;\">Durata proiectului este de 1 an (1.04.2015 \u2013 31.03.2016), iar valoarea finan\u0163\u0103rii este de 33837 \u20ac.<\/p>\n<p style=\"text-align: justify;\">Proiectul este coordonat de Asocia\u0163ia Habilitas \u2013 Centrul de Resurse \u015fi Formare Profesional\u0103, \u00een parteneriat cu CBNRM Networking \u2013 Norvegia \u2013 un ONG care furnizeaz\u0103 expertiza \u00een crearea de re\u0163ele \u015fi \u00een promovarea incluziunii sociale.<\/p>\n<p style=\"text-align: justify;\">CONTEXT SI JUSTIFICARE<\/p>\n<p style=\"text-align: justify;\">Promovarea voluntariatului \u00een r\u00e2ndul seniorilor este una dintre priorit\u0103\u0163ile agendei politice a Uniunii Europene, ca dimensiune de baz\u0103 a angajamentului civic, fiind un factor de coeziune social\u0103 \u015fi de cre\u015ftere a calit\u0103\u0163ii vie\u0163ii la nivelul tuturor genera\u0163iilor. Statele membre ale Uniunii Europene au adoptat diferite programe \u015fi m\u0103suri \u00een vederea sprijinirii la nivel na\u0163ional \u015fi a promov\u0103rii voluntariatului \u00een r\u00e2ndul v\u00e2rstnicilor. \u00cen Rom\u00e2nia, implicarea popula\u0163iei \u00een activit\u0103\u0163i de voluntariat este sc\u0103zut\u0103 (18,1% &#8211; FDSC 2010, 20% &#8211; Eurobarometrul 2010), iar implicarea popula\u0163iei v\u00e2rstnice este \u015fi mai redus\u0103, neexist\u00e2nd date pentru acest segment de v\u00e2rst\u0103. Cauzele sunt multiple \u2013 pe de o parte, lipsa unor politici publice \u015fi strategii de promovare a voluntariatului \u00een r\u00e2ndul v\u00e2rstnicilor, pe de alt\u0103 parte, absen\u0163a competen\u0163elor civice \u015fi absen\u0163a unei culturi a voluntariatului la aceast\u0103 popula\u0163ie. \u00centr-o societate cu popula\u0163ie aflat\u0103 \u00een proces accentuat de \u00eemb\u0103tr\u00e2nire (\u00een 2012, 15% din popula\u0163ia total\u0103 a Rom\u00e2niei era de peste 65 de ani, iar \u00een 2020 va fi de 18,4% &#8211; Eurostat 2011), v\u00e2rstnicii reprezint\u0103 un poten\u0163ial de resurse care poate fi valorificat \u00een cadrul comunit\u0103\u0163ii.<\/p>\n<p style=\"text-align: justify;\"><strong>Grupul \u0163int\u0103 al proiectului<\/strong> cuprinde 75 de v\u00e2rstnici din Bucure\u015fti, care vor participa la cursul de formare \u00een domeniul voluntariatului, la programul de voluntariat desf\u0103\u015furat \u00een institu\u0163ii \u015fi 15 institu\u0163ii\/comunit\u0103\u0163i cu caracter social care vor participa la programul de voluntariat desf\u0103\u015furat de seniori.<br \/>\nDe asemenea, tot \u00een cadrul proiectului, cel pu\u0163in 20 de ONG-uri \u015fi autorit\u0103\u0163i publice locale vor fi informate cu privire la importan\u0163a activit\u0103\u0163ilor de voluntariat desfa\u015furate de seniori \u015fi cel pu\u0163in 2500 de cet\u0103\u0163eni (din care 1000 de cet\u0103\u0163eni seniori) vor fi mai bine informa\u0163i cu privire la beneficiile \u015fi avantajele voluntariatului \u00een r\u00e2ndul v\u00e2rstnicilor.<\/p>\n<p style=\"text-align: justify;\">SCOPUL PROIECTULUI<\/p>\n<p style=\"text-align: justify;\">Scopul proiectului este cre\u015fterea implic\u0103rii civice a v\u00e2rstnicilor prin promovarea voluntariatului la aceasta categorie de v\u00e2rst\u0103 prin cursuri de formare, crearea unei re\u0163ele de voluntariat dedicate seniorilor \u015fi prin \u00eembun\u0103t\u0103\u0163irea politicilor publice din acest domeniu.<\/p>\n<p style=\"text-align: justify;\">Obiectivele acestui proiect sunt:<\/p>\n<p style=\"padding-left: 30px; text-align: justify;\">&#8211; Cre\u015fterea gradului de participare a 75 de seniori \u00een ac\u0163iuni de voluntariat prin formarea lor \u00een domeniul voluntariatului timp de 3 luni \u015fi prin plasarea celor 75 de seniori ca voluntari \u00een diferite institu\u0163ii\/comunit\u0103\u0163i, timp de 5 luni.<\/p>\n<p style=\"padding-left: 30px; text-align: justify;\">&#8211; Sporirea vizibilit\u0103\u0163ii activitatilor de voluntariat \u00eentreprinse de v\u00e2rstnici \u00een r\u00e2ndul a cel pu\u0163in 20 de institu\u0163ii (organiza\u0163ii non-guvernamentale \u015fi institu\u0163ii publice) \u015fi a cel pu\u0163in 2500 de cet\u0103\u0163eni \u00een vederea cre\u015fterii nivelului de informare \u015fi con\u015ftientizare privind importan\u0163a dezvolt\u0103rii \u015fi promov\u0103rii activitatilor de voluntariat \u00een r\u00e2ndul seniorilor.<\/p>\n<p style=\"padding-left: 30px; text-align: justify;\">&#8211; Stimularea voluntariatului \u00eentreprins de seniori prin \u00eembun\u0103t\u0103\u0163irea politicilor publice \u00een acest domeniu.<\/p>\n<p style=\"text-align: justify;\">REZULTATE<\/p>\n<p style=\"padding-left: 30px; text-align: justify;\">&#8211; Sus\u0163inerea unui curs de voluntariat pentru 75 de seniori, pe urm\u0103toarele teme:<\/p>\n<p style=\"padding-left: 60px; text-align: justify;\">&#8211; Ce este voluntariatul? Ce m\u0103 motiveaz\u0103 s\u0103 fiu voluntar?<\/p>\n<p style=\"padding-left: 60px; text-align: justify;\">&#8211; Comunicare<\/p>\n<p style=\"padding-left: 60px; text-align: justify;\">&#8211; Combaterea discursului instigator la ur\u0103<\/p>\n<p style=\"padding-left: 60px; text-align: justify;\">&#8211; Viata mea \u2013 trecut, prezent \u015fi viitor. Cum \u00eemi pot folosi competen\u0163ele ca voluntar?<\/p>\n<p style=\"padding-left: 60px; text-align: justify;\">&#8211; Formare de competen\u0163e digitale<\/p>\n<p style=\"padding-left: 60px; text-align: justify;\">&#8211; Modul de prim-ajutor<\/p>\n<p style=\"padding-left: 30px; text-align: justify;\">&#8211; Un program de voluntariat desf\u0103\u015furat de v\u00e2rstnici \u00een institu\u0163ii\/comunit\u0103\u0163i diferite din domeniul social<\/p>\n<p style=\"padding-left: 30px; text-align: justify;\">&#8211; \u00cenfiin\u0163area unei re\u0163ele a voluntarilor seniori la nivel de Bucure\u015fti<\/p>\n<p style=\"padding-left: 30px; text-align: justify;\">&#8211; Elaborarea unui document de politic\u0103 public\u0103 ce va include recomand\u0103ri privind stimularea voluntariatului \u00een r\u00e2ndul v\u00e2rstnicilor la nivel local<\/p>\n<p>&nbsp;<\/p>\n<p style=\"text-align: justify;\">Con\u0163inutul acestui website nu reprezint\u0103 \u00een mod necesar pozi\u0163ia oficial\u0103 a granturilor SEE 2009-2014. \u00centreaga r\u0103spundere asupra corectitudinii \u015fi coeren\u0163ei informa\u0163iilor prezentate revine ini\u0163iatorilor website-ului.<\/p>\n<p style=\"text-align: justify;\">Pentru informa\u0163ii oficiale despre granturile SEE \u015fi norvegiene accesa\u0163i <span style=\"color: #2ecc71;\"><a style=\"color: #2ecc71;\" href=\"http:\/\/eeagrants.org\/\" target=\"_blank\">www.eeagrants.org<\/a><\/span><\/p>\n","protected":false},"excerpt":{"rendered":"<p>SENIORII \u2013 Resurse \u00een comunitate: Voluntariat la v\u00e2rsta a treia  [&#8230;]<\/p>\n","protected":false},"author":1,"featured_media":0,"parent":190,"menu_order":0,"comment_status":"open","ping_status":"open","template":"","meta":{"_monsterinsights_skip_tracking":false,"_monsterinsights_sitenote_active":false,"_monsterinsights_sitenote_note":"","_monsterinsights_sitenote_category":0,"footnotes":""},"class_list":["post-194","page","type-page","status-publish","hentry"],"_links":{"self":[{"href":"https:\/\/www.habilitas.ro\/index.php\/wp-json\/wp\/v2\/pages\/194","targetHints":{"allow":["GET"]}}],"collection":[{"href":"https:\/\/www.habilitas.ro\/index.php\/wp-json\/wp\/v2\/pages"}],"about":[{"href":"https:\/\/www.habilitas.ro\/index.php\/wp-json\/wp\/v2\/types\/page"}],"author":[{"embeddable":true,"href":"https:\/\/www.habilitas.ro\/index.php\/wp-json\/wp\/v2\/users\/1"}],"replies":[{"embeddable":true,"href":"https:\/\/www.habilitas.ro\/index.php\/wp-json\/wp\/v2\/comments?post=194"}],"version-history":[{"count":9,"href":"https:\/\/www.habilitas.ro\/index.php\/wp-json\/wp\/v2\/pages\/194\/revisions"}],"predecessor-version":[{"id":480,"href":"https:\/\/www.habilitas.ro\/index.php\/wp-json\/wp\/v2\/pages\/194\/revisions\/480"}],"up":[{"embeddable":true,"href":"https:\/\/www.habilitas.ro\/index.php\/wp-json\/wp\/v2\/pages\/190"}],"wp:attachment":[{"href":"https:\/\/www.habilitas.ro\/index.php\/wp-json\/wp\/v2\/media?parent=194"}],"curies":[{"name":"wp","href":"https:\/\/api.w.org\/{rel}","templated":true}]}}