{"id":1707,"date":"2020-06-25T07:14:24","date_gmt":"2020-06-25T07:14:24","guid":{"rendered":"https:\/\/www.habilitas.ro\/?page_id=1707"},"modified":"2020-06-25T07:23:11","modified_gmt":"2020-06-25T07:23:11","slug":"paths-of-cooperation","status":"publish","type":"page","link":"https:\/\/www.habilitas.ro\/index.php\/ro\/proiecte-in-derulare\/paths-of-cooperation\/","title":{"rendered":"Paths of cooperation"},"content":{"rendered":"\n<p>Proiectul \u201ePaths of cooperation \u2013 support for entities implementing international cooperation\u201d este un proiect de subventie care sprijina organizatiile poloneze si consta in acordarea de sprijin beneficiarilor proiectelor cofinantate din Fondul Social European, indiferent de programul operational in care implementeaza proiectele standard. Obiectivul proiectului este de a dezvolta si implementa 210 solutii care aduc beneficii prin cooperare internationala, si vor permite institutiilor participante la proiect sa imbunatateasca si sa creeze noi oportunitati de a raspunde la problemele din domeniul activitatii profesionale, invatarii pe tot parcursul vietii, crearii si implementarii politicilor publice (sau alte domenii specifice acoperite de obiectivele tematice 8-11 FSE). Cooperarea internationala ar trebui sa ajute institutiile sa obtina noi perspective, sa-si imbogateasca cunostintele si abilitatile si sa foloseasca experienta partenerului.<\/p>\n\n\n\n<p>Proiectul este coordonat de <a href=\"https:\/\/cofund.org.pl\">Fundacj\u0119 Fundusz Wsp\u00f3\u0142pracy (FFW)<\/a> (Polonia), avand ca parteneri Asociatia Habilitas \u2013 Centru de Resurse si Formare Profesionala (Romania), FondazioneDemocenter-Sipe (Italia) siStichtingBussiness Development Friesland (Olanda).<\/p>\n\n\n\n<p><strong>Beneficii din\ncooperari internationale<\/strong><\/p>\n\n\n\n<p>In afara de sprijinul financiar (subventii de pana la 100.000 PLN), proiectul prevede o serie de activitati care sprijina beneficiarii proiectelor FSEinainte de a se alatura competitiei de subventii, in timpul implementarii proiectelor internationale si dupa finalizarea acestora. Proiectul abordeaza subiectul intr-un mod inovator &#8211; cooperarea internationala, punand mare accent pe activitatile de animatie si incubare a noilor proiecte, precum si pe sprijin pe toata perioada de implementare a subventiei pentru diseminarea si conectarea in retea a tuturor beneficiarilor de subventii, inclusiv prin construirea unei retele speciale de beneficiari ai proiectelor de cooperare internationalain domeniul FSE. Aceasta retea, consolidata prin seminarii de referintasi o baza de date speciala pentru proiecte si beneficiarii de subventii, va permite durabilitatea proiectului si stabilirea de noi parteneriate pentru implementarea, printre altele, a proiectelor internationale in viitor.<\/p>\n\n\n\n<p>Un aspect important al proiectului \u201ePaths of cooperation\u201d este implicarea partenerilor straini cu experienta vastain cooperare, stabilirea parteneriatelor si implementarea proiectelor internationale. Partenerii isi vor impartasi experienta si ajutorul in procesul de selectie a proiectelor partenerilor straini, precum si construirea unei retele solide de beneficiari ai proiectelor internationale.<\/p>\n\n\n\n<p><strong>Etapele\nproiectului<\/strong><\/p>\n\n\n\n<p>Liderul recruteaza participantii (organizatii care deruleaza proiecte nationale finantate din FSE) si ii pregateste pentru adaugarea componentei de cooperare internationalaproiectelor lor. Apoi, exista un apel pentru propuneri si se acorda subventii, pentru componenta de cooperare internationala, celor mai bune aplicatii. In total, pe parcursul a 3 ani, 210 organizatii vor primi subventii de pana la 100.000 PLN fiecare.<\/p>\n\n\n\n<p><strong>Exista multe\nmodalitati si posibilitati de a dezvolta cooperarea internationalasi de a lucra\nla solutii, de exemplu:<\/strong><\/p>\n\n\n\n<p>\u2022 consultari, schimburi de personal, stagii si vizite de studiu;<\/p>\n\n\n\n<p>\u2022 transfer de bune practici intre parteneri;<\/p>\n\n\n\n<p>\u2022 cercetare si activitati analitice;<\/p>\n\n\n\n<p>\u2022 pregatirea, traducerea si publicarea studiilor si rapoartelor;<\/p>\n\n\n\n<p>\u2022 ateliere internationale si seminarii de instruire online;<\/p>\n\n\n\n<p>\u2022 testarea solutiilor inovatoare;<\/p>\n\n\n\n<p>\u2022 organizarea de conferinte, seminarii, ateliere si intalniri;<\/p>\n\n\n\n<p>\u2022 dezvoltarea si desfasurarea formarii si a altor metode de invatare formala sau nonformala;<\/p>\n\n\n\n<p>\u2022 dezvoltarea instrumentelor si metodelor;<\/p>\n\n\n\n<p>\u2022 dezvoltarea de programe \/ modele care sa sporeasca accesul la angajare sau sa activeze persoanele defavorizate pe piata muncii, de ex. someri, NEETs, persoane peste 50 de ani, femei, persoane cu dizabilitati si alte categorii.<\/p>\n\n\n\n<p>Beneficiarii subventiilor sunt obligati sa adopte rezultatul implementarii si al cooperarii internationale.<\/p>\n\n\n\n<p>Site-ul web al proiectului, in limba engleza, este: <a href=\"https:\/\/www.sciezkiwspolpracy.pl\/paths-of-coopera\/\">https:\/\/www.sciezkiwspolpracy.pl\/paths-of-coopera\/<\/a><\/p>\n","protected":false},"excerpt":{"rendered":"<p>Proiectul \u201ePaths of cooperation \u2013 support for entities implementing international  [&#8230;]<\/p>\n","protected":false},"author":1,"featured_media":0,"parent":160,"menu_order":0,"comment_status":"closed","ping_status":"closed","template":"","meta":{"_monsterinsights_skip_tracking":false,"_monsterinsights_sitenote_active":false,"_monsterinsights_sitenote_note":"","_monsterinsights_sitenote_category":0,"footnotes":""},"class_list":["post-1707","page","type-page","status-publish","hentry"],"_links":{"self":[{"href":"https:\/\/www.habilitas.ro\/index.php\/wp-json\/wp\/v2\/pages\/1707","targetHints":{"allow":["GET"]}}],"collection":[{"href":"https:\/\/www.habilitas.ro\/index.php\/wp-json\/wp\/v2\/pages"}],"about":[{"href":"https:\/\/www.habilitas.ro\/index.php\/wp-json\/wp\/v2\/types\/page"}],"author":[{"embeddable":true,"href":"https:\/\/www.habilitas.ro\/index.php\/wp-json\/wp\/v2\/users\/1"}],"replies":[{"embeddable":true,"href":"https:\/\/www.habilitas.ro\/index.php\/wp-json\/wp\/v2\/comments?post=1707"}],"version-history":[{"count":2,"href":"https:\/\/www.habilitas.ro\/index.php\/wp-json\/wp\/v2\/pages\/1707\/revisions"}],"predecessor-version":[{"id":1714,"href":"https:\/\/www.habilitas.ro\/index.php\/wp-json\/wp\/v2\/pages\/1707\/revisions\/1714"}],"up":[{"embeddable":true,"href":"https:\/\/www.habilitas.ro\/index.php\/wp-json\/wp\/v2\/pages\/160"}],"wp:attachment":[{"href":"https:\/\/www.habilitas.ro\/index.php\/wp-json\/wp\/v2\/media?parent=1707"}],"curies":[{"name":"wp","href":"https:\/\/api.w.org\/{rel}","templated":true}]}}