{"id":170,"date":"2015-07-28T17:33:00","date_gmt":"2015-07-28T17:33:00","guid":{"rendered":"http:\/\/www.habilitas.ro\/?page_id=170"},"modified":"2015-08-23T08:21:58","modified_gmt":"2015-08-23T08:21:58","slug":"parteneriat-pentru-combaterea-abuzului-asupra-varstnicului","status":"publish","type":"page","link":"https:\/\/www.habilitas.ro\/index.php\/ro\/proiecte-incheiate\/parteneriat-pentru-combaterea-abuzului-asupra-varstnicului\/","title":{"rendered":"Combaterea abuzului asupra v\u00e2rstnicului"},"content":{"rendered":"<h2 style=\"text-align: justify;\">PROIECTUL \u201cPARTENERIAT PENTRU COMBATEREA ABUZULUI ASUPRA V\u00c2RSTNICULUI\u201d<\/h2>\n<p style=\"text-align: justify;\">Proiect LLP Grundtvig Parteneriate pentru \u00cenv\u0103\u0163are<br \/>\nFinan\u0163at de Comisia European\u0103 prin ANPCDEFP<br \/>\nDurata: 2 ani (2013-2015)<br \/>\nSite-ul proiectului: <span style=\"color: #2ecc71;\"><a style=\"color: #2ecc71;\" href=\"http:\/\/www.combatingelderabuse.eu\/\" target=\"_blank\">www.combatingelderabuse.eu<\/a><\/span><\/p>\n<p style=\"text-align: justify;\">PARTENERIATUL<\/p>\n<p style=\"padding-left: 30px; text-align: justify;\">&#8211; Suvanto (Finlanda) \u2013 Asocia\u0163ia Finlandez\u0103 pentru o B\u0103tr\u00e2ne\u0163e Sigur\u0103, este o organiza\u0163ie non-guvernamental\u0103 na\u0163ional\u0103. Scopul acestei asocia\u0163ii este de a cre\u015fte con\u015ftientizarea despre subiectul abuzului asupra v\u00e2rstnicului \u015fi neglij\u0103rii.<\/p>\n<p style=\"padding-left: 30px; text-align: justify;\">&#8211; Asocia\u0163ia HABILITAS &#8211; Centru de Resurse \u015fi Formare Profesional\u0103 (Rom\u00e2nia)<\/p>\n<p style=\"padding-left: 30px; text-align: justify;\">&#8211; Age Action (Irlanda) \u2013 un ONG na\u0163ional reprezentativ \u015fi de advocacy pentru persoanele v\u00e2rstnice<\/p>\n<p style=\"padding-left: 30px; text-align: justify;\">&#8211; Anziani e Non Solo (Italia) \u2013 este un ONG care lucreaz\u0103 \u00een domeniul inovarii sociale<\/p>\n<p style=\"text-align: justify;\">CONTEXT SI JUSTIFICARE<br \/>\nConform Statisticilor Eurostat, proiec\u0163iile popula\u0163iei (2011) \u00een \u0163\u0103rile acestui proiect arat\u0103 c\u0103 procentajul persoanelor cu v\u00e2rste peste 65 de ani va cre\u015fte. De\u015fi condi\u0163iile de s\u0103n\u0103tate ale popula\u0163iei v\u00e2rstnice este de a\u015fteptat c\u0103 vor continua s\u0103 se \u00eembun\u0103t\u0103\u0163easc\u0103, cre\u015fterea rapid\u0103 a numarului b\u0103tr\u00e2nilor foarte \u00een v\u00e2rst\u0103 probabil c\u0103 va prezenta o provocare pentru sistemele de protec\u0163ie social\u0103. Mai ales persoanele v\u00e2rstnice cu dizabilit\u0103\u0163i mentale \u015fi fizice care pot fi dependente de ajutorul \u00eengrijitorilor informali sau profesioni\u015fti \u015fi ca rezultat pot fi mai vulnerabili la abuz.<\/p>\n<p style=\"text-align: justify;\">Rata prevalen\u0163ei abuzului asupra v\u00e2rstnicului \u00een diferite \u0163\u0103ri europene variaz\u0103 de la 0.8% la 39.4%. \u00cen ultimii c\u00e2\u0163iva ani, subiectul abuzului \u015fi neglij\u0103rii persoanelor v\u00e2rstnice a ca\u015ftigat importan\u0163\u0103 atat la nivel European c\u00e2t \u015fi na\u0163ional. Autorit\u0103\u0163ile publice, deciden\u0163ii, furnizorii de \u00eengrijire \u015fi organiza\u0163iile de beneficiari sunt acum con\u015ftiente ca, la fel ca \u015fi abuzul asupra copilului, abuzul asupra v\u00e2rstnicului nu mai poate fi tolerat \u015fi trebuie puse \u00een practic\u0103 m\u0103suri pentru a garanta ca to\u0163i v\u00e2rstnicii care devin dependen\u0163i de al\u0163ii pentru \u00eengrijire \u015fi asisten\u0163\u0103 sunt proteja\u0163i \u00een mod adecvat \u015fi se pot bucura de o b\u0103tr\u00e2ne\u0163e demn\u0103. Abuzul asupra v\u00e2rstnicului este recunoscut ca o problem\u0103 major\u0103 a societ\u0103\u0163ii \u00een Europa.<\/p>\n<p style=\"text-align: justify;\">SCOPUL PROIECTULUI<br \/>\nO nevoie comun\u0103 a organiza\u0163iilor partenere din acest proiect este de a g\u0103si permanent noi cuno\u015ftin\u0163e \u015fi modalit\u0103\u0163i de a educa, forma \u015fi sus\u0163ine autorit\u0103\u0163ile locale \u015fi na\u0163ionale, \u00eengrijitorii informali \u015fi profesioni\u015fti \u015fi voluntarii pentru a proteja persoanele v\u00e2rstnice de abuz, pentru a permite v\u00e2rstnicilor \u00een\u015fi\u015fi s\u0103 \u00ee\u015fi preia propriile vie\u0163i \u015fi s\u0103 creeze oportunit\u0103\u0163i pentru participarea lor \u00een societate. Exist\u0103 de asemenea o nevoie pentru o mai intens\u0103 colaborare inter-agen\u0163ii \u015fi protocoale \u015fi \u00eembun\u0103t\u0103\u0163irea serviciilor.<br \/>\nProiectul propus ofer\u0103 o oportunitate de a \u00eemp\u0103rt\u0103\u015fi aceste cuno\u015ftin\u0163e, material de formare \u015fi de a dezvolta mai departe instrumentele existente. Partenerii au fost \u015fi sunt \u015fi \u00een prezent implica\u0163i \u00een diferite activit\u0103\u0163i \u015fi proiecte la nivel european. Acest lucru face posibil\u0103 extinderea cuno\u015ftin\u0163elor despre abuzul asupra v\u00e2rstnicului la nivel european.<\/p>\n<p style=\"text-align: justify;\">Obiectivele acestui proiect sunt:<\/p>\n<p style=\"padding-left: 30px; text-align: justify;\">&#8211; extinderea cuno\u015ftin\u0163elor \u015fi a con\u015ftientiz\u0103rii asupra modalit\u0103\u0163ilor de a preveni abuzul asupra v\u00e2rstnicului la nivel local, na\u0163ional \u015fi european;<\/p>\n<p style=\"padding-left: 30px; text-align: justify;\">&#8211; \u00eemp\u0103rt\u0103\u015firea \u015fi dezvoltarea unor materiale de formare inovative \u015fi a unor metode \u015fi c\u0103i de a cre\u015fte con\u015ftientizarea despre abuzul asupra v\u00e2rstnicului printre voluntari, \u00eengrijitori informali \u015fi persoane v\u00e2rstnice \u015fi familiile lor;<\/p>\n<p style=\"padding-left: 30px; text-align: justify;\">&#8211; angajarea \u00een cre\u015fterea con\u015ftientiz\u0103rii despre abuzul asupra v\u00e2rstnicului la nivel na\u0163ional prin implicarea \u00een evenimente ce marcheaza Ziua Mondial\u0103 a Con\u015ftientiz\u0103rii Abuzului asupra V\u00e2rstnicului (WEAAD).<\/p>\n<p style=\"text-align: justify;\">Obiectivele au fost atinse \u00eemp\u0103rt\u0103\u015find cuno\u015ftin\u0163ele \u015fi experien\u0163ele \u015fi explor\u00e2nd materialele de formare existente \u015fi identific\u00e2nd alte ini\u0163iative cum ar fi activit\u0103\u0163i de suport incluz\u00e2nd grupuri de suport, servicii de consiliere, linii telefonice de tip helpline etc. pentru cei care au experimentat abuzul. Acestea dau idei bogate \u015fi inovative pentru practicile de formare, metodele, materialul \u015fi serviciile care au ca \u0163int\u0103 persoanele v\u00e2rstnice.<\/p>\n<p style=\"text-align: justify;\">REZULTATE<br \/>\nRezultatul proiectului este un pachet introductiv de formare \u015fi de cre\u015ftere a con\u015ftientiz\u0103rii pentru \u00eengrijitorii informali ai persoanelor v\u00e2rstnice \u2013 Prezentare Power Point, Manual pentru formatori, Plan\u015fa de resurse cu cartona\u015fe pentru localizarea serviciilor de suport \u00een cazurile de abuz.<\/p>\n","protected":false},"excerpt":{"rendered":"<p>PROIECTUL \u201cPARTENERIAT PENTRU COMBATEREA ABUZULUI ASUPRA V\u00c2RSTNICULUI\u201d Proiect LLP Grundtvig  [&#8230;]<\/p>\n","protected":false},"author":1,"featured_media":0,"parent":29,"menu_order":0,"comment_status":"open","ping_status":"open","template":"","meta":{"_monsterinsights_skip_tracking":false,"_monsterinsights_sitenote_active":false,"_monsterinsights_sitenote_note":"","_monsterinsights_sitenote_category":0,"footnotes":""},"class_list":["post-170","page","type-page","status-publish","hentry"],"_links":{"self":[{"href":"https:\/\/www.habilitas.ro\/index.php\/wp-json\/wp\/v2\/pages\/170","targetHints":{"allow":["GET"]}}],"collection":[{"href":"https:\/\/www.habilitas.ro\/index.php\/wp-json\/wp\/v2\/pages"}],"about":[{"href":"https:\/\/www.habilitas.ro\/index.php\/wp-json\/wp\/v2\/types\/page"}],"author":[{"embeddable":true,"href":"https:\/\/www.habilitas.ro\/index.php\/wp-json\/wp\/v2\/users\/1"}],"replies":[{"embeddable":true,"href":"https:\/\/www.habilitas.ro\/index.php\/wp-json\/wp\/v2\/comments?post=170"}],"version-history":[{"count":8,"href":"https:\/\/www.habilitas.ro\/index.php\/wp-json\/wp\/v2\/pages\/170\/revisions"}],"predecessor-version":[{"id":481,"href":"https:\/\/www.habilitas.ro\/index.php\/wp-json\/wp\/v2\/pages\/170\/revisions\/481"}],"up":[{"embeddable":true,"href":"https:\/\/www.habilitas.ro\/index.php\/wp-json\/wp\/v2\/pages\/29"}],"wp:attachment":[{"href":"https:\/\/www.habilitas.ro\/index.php\/wp-json\/wp\/v2\/media?parent=170"}],"curies":[{"name":"wp","href":"https:\/\/api.w.org\/{rel}","templated":true}]}}