{"id":1643,"date":"2020-02-21T06:00:52","date_gmt":"2020-02-21T06:00:52","guid":{"rendered":"https:\/\/www.habilitas.ro\/?page_id=1643"},"modified":"2020-02-21T06:07:29","modified_gmt":"2020-02-21T06:07:29","slug":"parentbank","status":"publish","type":"page","link":"https:\/\/www.habilitas.ro\/index.php\/ro\/proiecte-in-derulare\/parentbank\/","title":{"rendered":"PARENTBANK"},"content":{"rendered":"\n<figure class=\"wp-block-gallery columns-2 is-cropped wp-block-gallery-1 is-layout-flex wp-block-gallery-is-layout-flex\"><ul class=\"blocks-gallery-grid\"><li class=\"blocks-gallery-item\"><figure><img decoding=\"async\" width=\"282\" height=\"61\" src=\"https:\/\/www.habilitas.ro\/wp-content\/uploads\/2020\/02\/parentbank.jpg\" alt=\"\" data-id=\"1646\" data-full-url=\"https:\/\/www.habilitas.ro\/wp-content\/uploads\/2020\/02\/parentbank.jpg\" data-link=\"https:\/\/www.habilitas.ro\/index.php\/ro\/proiecte-in-derulare\/parentbank\/parentbank-2\/\" class=\"wp-image-1646\"\/><\/figure><\/li><li class=\"blocks-gallery-item\"><figure><img decoding=\"async\" width=\"273\" height=\"61\" src=\"https:\/\/www.habilitas.ro\/wp-content\/uploads\/2020\/02\/erasmus.jpg\" alt=\"\" data-id=\"1645\" data-full-url=\"https:\/\/www.habilitas.ro\/wp-content\/uploads\/2020\/02\/erasmus.jpg\" data-link=\"https:\/\/www.habilitas.ro\/index.php\/ro\/proiecte-in-derulare\/parentbank\/erasmus\/\" class=\"wp-image-1645\" srcset=\"https:\/\/www.habilitas.ro\/wp-content\/uploads\/2020\/02\/erasmus-270x61.jpg 270w, https:\/\/www.habilitas.ro\/wp-content\/uploads\/2020\/02\/erasmus.jpg 273w\" sizes=\"(max-width: 273px) 100vw, 273px\" \/><\/figure><\/li><\/ul><\/figure>\n\n\n\n<p>PARENTBANK &#8211; \u201eEnhancing the social inclusion of low income single parents\u201deste un proiect Erasmus + Parteneriate Strategice in Educatia Adultilor, finantat de Comisia Europeana prin A.N.P.C.D.E.F.P. <\/p>\n\n\n\n<p>Are o durata de 2 ani (2019-2021) &#8211; Numarul\nproiectului: 2019-1-RO01-KA204-063798<\/p>\n\n\n\n<p>Proiectul vizeaza facilitarea integrarii pe\npiata muncii a parintilor singuri cu venituri mici, prin promovarea accesului\nacestora la servicii de ingrijire a copiilor si la alte tipuri de servicii pe\ncare acestia si le-ar putea permite prin intermediul bancii de timp (furnizarea\nde servicii unul altuia) si prin dezvoltarea competentelor si spiritului\nantreprenorial, care le poate imbunatati statutul de angajare.<\/p>\n\n\n\n<p>Banca de timp reprezinta un sistem de\ntranzactionare bazat pe reciprocitate in care orele sunt moneda. Este o forma\nde moneda comunitara, care permite unei persoane care are o abilitate sa\ntranzactioneze ore de lucru cu cineva cu un alt set de abilitati, fara sa se\nschimbe bani.<\/p>\n\n\n\n<p><strong>Obiective<\/strong><\/p>\n\n\n\n<p>\u2022\u00a0Sa sprijine parintii singuri cu un nivel scazut de calificare \/ abilitati pentru a le favoriza angajabilitatea.<\/p>\n\n\n\n<p>\u2022\u00a0Extinderea competentelor profesionistilor, care sprijina parintii singuri, in predarea abilitatilor de numeratie, a abilitatilor antreprenoriale si digitale.<\/p>\n\n\n\n<p>\u2022 Incurajarea parintilor singuri cu un nivel scazut al competentelor\/calificarii sa-si dezvolte si sa isi imbunatateasca competentele de alfabetizare, numeratie, digitale si de antreprenoriat<\/p>\n\n\n\n<p>\u2022\u00a0Promovarea accesului parintilor singuri cu venituri mici la servicii de\u00a0 ingrijire a copiilor si la alte servicii prin banca de timp, ceea ce poate sustine intrarea lor pe piata muncii sau formarea ulterioara<\/p>\n\n\n\n<p><strong>Rezultate\nIntelectuale<\/strong><\/p>\n\n\n\n<p>\u2022\u00a0Un program de pregatire pentru profesionistii care sprijina parintii singuri, in predarea alfabetizarii, numeratiei,\u00a0 abilitatilor antreprenoriale si digitale. Aceast rezultat intelectual va permite profesionistilor sa ofere instruire si sprijin personalizat parintilor singuri in dezvoltarea acestor abilitati si competente cheie, pentru a le incuraja angajabilitatea si dezvoltarea socio-educationala si personala (ceea ce le va spori inclusiv incluziunea sociala).<\/p>\n\n\n\n<p>\u2022\u00a0Un program de formare pentru sprijinirea alfabetizarii, numeratiei, competentelor digitale, simtului initiativei si abilitatilor antreprenoriale ale parintilor singuri cu un nivel scazut de calificare. Prin aceast rezultat intelectual, cursantii vor avea ocazia sa se implice in invatarea care face referire la sarcini, cariere si experiente din lumea reala, care le poate oferi o intelegere mai profunda a conceptelor si dezvoltarea capacitatilor de gandire critica, comunicare, colaborare si creativitate.<\/p>\n\n\n\n<p>\u2022\u00a0Un ghid pentru elaborarea unui plan de afaceri al bancii de timp si a strategiei de sustenabilitate dezvoltata. Aceast rezultat intelectual va permite crearea si conducerea unei banci de timp online de catre parintii singuri instruiti, precum si cu ajutorul sprijinului altor parinti singuri interesati sa dezvolte si sa sustina o astfel de initiativa.<\/p>\n\n\n\n<p>\u2022\u00a0Pilotarea unei banci de timp online a parintilor singuri. Parintii singuri vor putea schimba tot felul de servicii, pe care poate nu si le pot permite, permitandu-le sa se intoarca la munca sau la formare si sa gaseasca un loc de munca mai bun.<\/p>\n\n\n\n<p>\u2022\u00a0O strategie de informare de la egal la egal pentru implicarea mai multor parinti singuri in sistemul bancii de timp. Aceasta strategie va permite parintilor singuri implicati in administrarea bancii de timp online sa efectueze actiuni de constientizare \/ informare pentru a-i motiva pe colegii lor sa se implice activ in comunitatile bancilor de timp online si \/ sau sa isi imbunatateasca gradul de alfabetizare, numeratie, abilitati digitale si \/ sau antreprenoriat prin e-learning.<\/p>\n\n\n\n<p>PARTENERIAT:<\/p>\n\n\n\n<p>Asociatia Habilitas \u2013 Centru de Resurse si Formare Profesionala \u2013 Romania \u2013 coordonator<\/p>\n\n\n\n<p>KMOP \u2013\nGrecia<\/p>\n\n\n\n<p>SIF \u2013 Lituania<\/p>\n\n\n\n<p>Know and\nHow Association \u2013 Bulgaria<\/p>\n\n\n\n<p>Parents\u2019\nAssociation Step by Step \u2013 Croatia<\/p>\n\n\n\n<p>Asociacion\nCaminos \u2013 Spania<\/p>\n\n\n\n<p>Pentru mai multe detalii, va rugam sa vizitati website-ul proiectului: <a href=\"http:\/\/www.parentbank.eu\">www.parentbank.eu<\/a><\/p>\n\n\n\n<p>Con\u0163inutul\nprezentului material reprezint\u0103 responsabilitatea exclusiv\u0103 a autorilor, iar\nAgen\u0163ia Na\u0163ional\u0103 \u015fi Comisia European\u0103 nu sunt responsabile pentru modul \u00een\ncare va fi folosit con\u0163inutul informa\u0163iei.<\/p>\n","protected":false},"excerpt":{"rendered":"<p>PARENTBANK &#8211; \u201eEnhancing the social inclusion of low income single  [&#8230;]<\/p>\n","protected":false},"author":1,"featured_media":0,"parent":160,"menu_order":0,"comment_status":"closed","ping_status":"closed","template":"","meta":{"_monsterinsights_skip_tracking":false,"_monsterinsights_sitenote_active":false,"_monsterinsights_sitenote_note":"","_monsterinsights_sitenote_category":0,"footnotes":""},"class_list":["post-1643","page","type-page","status-publish","hentry"],"_links":{"self":[{"href":"https:\/\/www.habilitas.ro\/index.php\/wp-json\/wp\/v2\/pages\/1643","targetHints":{"allow":["GET"]}}],"collection":[{"href":"https:\/\/www.habilitas.ro\/index.php\/wp-json\/wp\/v2\/pages"}],"about":[{"href":"https:\/\/www.habilitas.ro\/index.php\/wp-json\/wp\/v2\/types\/page"}],"author":[{"embeddable":true,"href":"https:\/\/www.habilitas.ro\/index.php\/wp-json\/wp\/v2\/users\/1"}],"replies":[{"embeddable":true,"href":"https:\/\/www.habilitas.ro\/index.php\/wp-json\/wp\/v2\/comments?post=1643"}],"version-history":[{"count":2,"href":"https:\/\/www.habilitas.ro\/index.php\/wp-json\/wp\/v2\/pages\/1643\/revisions"}],"predecessor-version":[{"id":1647,"href":"https:\/\/www.habilitas.ro\/index.php\/wp-json\/wp\/v2\/pages\/1643\/revisions\/1647"}],"up":[{"embeddable":true,"href":"https:\/\/www.habilitas.ro\/index.php\/wp-json\/wp\/v2\/pages\/160"}],"wp:attachment":[{"href":"https:\/\/www.habilitas.ro\/index.php\/wp-json\/wp\/v2\/media?parent=1643"}],"curies":[{"name":"wp","href":"https:\/\/api.w.org\/{rel}","templated":true}]}}