{"id":164,"date":"2015-07-28T17:17:47","date_gmt":"2015-07-28T17:17:47","guid":{"rendered":"http:\/\/www.habilitas.ro\/?page_id=164"},"modified":"2017-10-23T08:07:33","modified_gmt":"2017-10-23T08:07:33","slug":"ses","status":"publish","type":"page","link":"https:\/\/www.habilitas.ro\/index.php\/ro\/proiecte-incheiate\/ses\/","title":{"rendered":"$E$"},"content":{"rendered":"<p style=\"text-align: justify;\"><a href=\"http:\/\/www.habilitas.ro\/wp-content\/uploads\/2015\/07\/SES.jpg\"><img decoding=\"async\" class=\"alignright size-full wp-image-447\" src=\"http:\/\/www.habilitas.ro\/wp-content\/uploads\/2015\/07\/SES.jpg\" alt=\"SES\" width=\"960\" height=\"118\" srcset=\"https:\/\/www.habilitas.ro\/wp-content\/uploads\/2015\/07\/SES-300x37.jpg 300w, https:\/\/www.habilitas.ro\/wp-content\/uploads\/2015\/07\/SES-600x74.jpg 600w, https:\/\/www.habilitas.ro\/wp-content\/uploads\/2015\/07\/SES.jpg 960w\" sizes=\"(max-width: 960px) 100vw, 960px\" \/><\/a><\/p>\n<p style=\"text-align: justify;\"><strong>Proiectul \u201c$E$ &#8211; Sus\u0163inere Economica \u015fi Social\u0103 pentru persoane vulnerabile\u201d<\/strong> este un proiect cofinan\u0163at din Fondul Social European, prin POSDRU \u2014 INVESTE\u015eTE \u00ceN OAMENI! \u2014 viz\u00e2nd promovarea incluziunii \u015fi dezvoltarea economiei sociale \u00een Rom\u00e2nia. Acest proiect \u00ee\u015fi propune s\u0103 faciliteze accesul pe pia\u0163a muncii a persoanelor celor mai dezavantajate economic \u015fi social.<\/p>\n<p style=\"text-align: justify;\">Proiectul este implementat de ONPHR \u00een parteneriat cu CRPG \u2013 Centrul de Reabilitare Profesional\u0103 Gaia (Portugalia), Funda\u0163ia Inim\u0103 de Copil &#8211; Gala\u0163i, Asocia\u0163ia HABILITAS \u2013 Centru de Resurse \u015fi Formare Profesional\u0103, Asocia\u0163ia pentru Dezvoltare Comunitar\u0103 Caleidoscop, Asocia\u0163ia pentru Dialog \u015fi Educa\u0163ie Civic\u0103, Asocia\u0163ia Ai Grij\u0103 de Mine, Asocia\u0163ia CONSILIER-VEST, pe o perioada de 12 luni.<\/p>\n<p style=\"text-align: justify;\">Obiectivul general al proiectului este promovarea economiei sociale, ca mecanism activ \u015fi viabil, generator de incluziune social\u0103 \u015fi profesional\u0103 a persoanelor vulnerabile, prin dezvoltare personal\u0103 \u015fi profesional\u0103 a acestora, prin infiin\u0163area de \u00eentreprinderi sociale \u015fi prin diseminarea de modele de bune practici.<\/p>\n<p style=\"text-align: justify;\">\u00cen cadrul proiectului vor fi \u00eenfiin\u0163ate 10 noi \u00eentreprinderi sociale, din care 4 $E$-uri \u00een mediul urban &#8211; regiunea Bucure\u015fti\u2013Ilfov: un magazin de comer\u0163 online, o \u00eentreprindere de servicii arhivistice integrate, un atelier manufactur\u0103 obiecte artizanale, care va avea \u015fi statut de unitate protejat\u0103 autorizat\u0103 (UPA) \u00een regiunea Sud-Est, un centru de \u00eengrijire b\u0103tr\u00e2ni la domiciliu \u015fi 6 $E$-uri \u00een mediul rural: un centru de servicii integrate de asisten\u0163\u0103 socio-profesional\u0103 (formare, plasare persoane vulnerabile plus servicii cura\u0163enie) \u00een regiunea Vest, un atelier t\u00e2mpl\u0103rie, obiecte tradi\u0163ionale din lemn, o unitate produc\u0163ie lum\u00e2n\u0103ri decorative \u015fi s\u0103punuri naturale \u015fi un centru procesare fructe \u015fi legume prin metode tradi\u0163ionale \u00een regiunea Sud Vest, un centru de recuperare medical\u0103 pentru copii, un centru care asigur\u0103 servicii de \u00eengrijire b\u0103tr\u00e2ni la domiciliu.<\/p>\n<p style=\"text-align: justify;\">Grupul \u0163int\u0103 al proiectului este alc\u0103tuit din 420 de persoane provenind din categoriile vulnerabile: 29 de persoane de etnie rom\u0103, 71 de persoane cu dizabilit\u0103\u0163i, 13 tineri peste 18 ani care p\u0103r\u0103sesc sistemul institu\u0163ionalizat de protec\u0163ie a copilului, 97 de persoane din familii cu peste 2 copii, 40 de persoane care au p\u0103r\u0103sit timpuriu \u015fcoala, 75 de femei \u00een situa\u0163ii de risc, 87 de persoane care tr\u0103iesc din venitul minim garantat, 8 persoane afectate de boli profesionale.<\/p>\n<p style=\"text-align: justify;\">Asocia\u0163ia HABILITAS \u2013 Centru de Resurse \u015fi Formare Profesional\u0103 a creat deja, \u00een cadrul proiectului, o structur\u0103 de economie social\u0103 numit\u0103 S.C. Comunitas Help S.R.L. care are drept scop furnizarea de servicii de \u00eengrijire la domiciliu \u015fi servicii de cur\u0103\u0163enie. \u00cen cadrul acesteia vor fi angajate mai multe persoane din grupuri vulnerabile, contribuind astfel la facilitarea accesului pe pia\u0163a muncii a persoanelor provenind din grupuri dezavantajate.<\/p>\n<p style=\"text-align: justify;\">Informa\u0163ii detaliate despre activitatea Comunitas Help pute\u0163i afla pe site-ul $E$: <span style=\"color: #2ecc71;\"><a style=\"color: #2ecc71;\" href=\"http:\/\/www.comunitashelp.ro\" target=\"_blank\">www.comunitashelp.ro<\/a><\/span><\/p>\n","protected":false},"excerpt":{"rendered":"<p>Proiectul \u201c$E$ &#8211; Sus\u0163inere Economica \u015fi Social\u0103 pentru persoane vulnerabile\u201d  [&#8230;]<\/p>\n","protected":false},"author":1,"featured_media":0,"parent":29,"menu_order":0,"comment_status":"open","ping_status":"open","template":"","meta":{"_monsterinsights_skip_tracking":false,"_monsterinsights_sitenote_active":false,"_monsterinsights_sitenote_note":"","_monsterinsights_sitenote_category":0,"footnotes":""},"class_list":["post-164","page","type-page","status-publish","hentry"],"_links":{"self":[{"href":"https:\/\/www.habilitas.ro\/index.php\/wp-json\/wp\/v2\/pages\/164","targetHints":{"allow":["GET"]}}],"collection":[{"href":"https:\/\/www.habilitas.ro\/index.php\/wp-json\/wp\/v2\/pages"}],"about":[{"href":"https:\/\/www.habilitas.ro\/index.php\/wp-json\/wp\/v2\/types\/page"}],"author":[{"embeddable":true,"href":"https:\/\/www.habilitas.ro\/index.php\/wp-json\/wp\/v2\/users\/1"}],"replies":[{"embeddable":true,"href":"https:\/\/www.habilitas.ro\/index.php\/wp-json\/wp\/v2\/comments?post=164"}],"version-history":[{"count":7,"href":"https:\/\/www.habilitas.ro\/index.php\/wp-json\/wp\/v2\/pages\/164\/revisions"}],"predecessor-version":[{"id":448,"href":"https:\/\/www.habilitas.ro\/index.php\/wp-json\/wp\/v2\/pages\/164\/revisions\/448"}],"up":[{"embeddable":true,"href":"https:\/\/www.habilitas.ro\/index.php\/wp-json\/wp\/v2\/pages\/29"}],"wp:attachment":[{"href":"https:\/\/www.habilitas.ro\/index.php\/wp-json\/wp\/v2\/media?parent=164"}],"curies":[{"name":"wp","href":"https:\/\/api.w.org\/{rel}","templated":true}]}}