{"id":1501,"date":"2019-04-17T07:15:28","date_gmt":"2019-04-17T07:15:28","guid":{"rendered":"http:\/\/www.habilitas.ro\/?page_id=1501"},"modified":"2023-04-27T10:30:34","modified_gmt":"2023-04-27T10:30:34","slug":"proiect-erasmus-bridge","status":"publish","type":"page","link":"https:\/\/www.habilitas.ro\/index.php\/ro\/proiecte-incheiate\/proiect-erasmus-bridge\/","title":{"rendered":"PROIECT ERASMUS+ BRIDGE"},"content":{"rendered":"\n<p>DEMEN\u0162A: STIMULAREA ABILIT\u0102\u021aILOR\nCOGNITIVE PRIN JOCURI<\/p>\n\n\n\n<p>\u00cen 2015, 46,8 milioane de oameni din\n\u00eentreaga lume aveau demen\u021b\u0103.Se a\u0219teapt\u0103 ca acest num\u0103r s\u0103 creasc\u0103. Jocurile\nserioase sunt o binecunoscut\u0103 practic\u0103 nonfarmaceutic\u0103 pentru tratarea\nsimptomelor cognitive ale demen\u021bei cu simptome u\u0219oare \u0219i moderate prin\nstimularea abilit\u0103\u021bilor cognitivului. Mai mult dec\u00e2t at\u00e2t, este dovedit c\u0103\njocurile tradi\u021bionale ar putea avea un impact pozitiv. Proiectul Bridge are\ndrept scop crearea de jocuri care trateaz\u0103 simptomele cognitive \u0219i\ncomportamentale ale demen\u021bei prin diverse ateliere care implic\u0103 tineri \u0219i\npersoane \u00een v\u00e2rst\u0103.<\/p>\n\n\n\n<p>CONSOR\u021aIUL PROIECTULUI INCLUDE:<\/p>\n\n\n\n<p>PANELLINIA OMOSPONDIA NOSOU\nALZHEIMER KAI SINAFON DIATARACHON (Grecia) Coordonator de proiect<\/p>\n\n\n\n<p>Fondat\u0103 \u00een 2007, Federa\u021bia\nPanhellenic este constituit\u0103 din 38 de asocia\u021bii aflate \u00een \u00eentreaga Grecie\nocup\u00e2ndu-se de Alzheimer. Obiectivele sale principale sunt coordonarea \u0219i\ncooperarea membrilor s\u0103i, din perspectiva contribu\u021biei sociale, a\ncon\u0219tientiz\u0103rii pacientului atins de demen\u021b\u0103 \u0219i a nevoilor \u00eengrijitorilor\nacestora.<\/p>\n\n\n\n<p>COOPERATIVA SOCIAL\u0102 ANZIANI E NON\nSOLO (Italia)<\/p>\n\n\n\n<p>Anziani e Non Solo este un ONG care\nactiveaz\u0103 din 2004 \u00een domeniul inov\u0103rii sociale, cu prec\u0103dere \u00een managementul\nde proiecte dar \u0219i \u00een realizarea de servicii \u0219i produse pentru domeniul\nprotec\u021biei sociale \u0219i cel al incluziunii sociale.<\/p>\n\n\n\n<p>ASOCIA\u021aIA HABILITAS CENTRU DE\nRESURSE\u0218I FORMARE PROFESIONAL\u0102 (Rom\u00e2nia)<\/p>\n\n\n\n<p>Asocia\u021bia HABILITAS a fost creat\u0103\n\u00een 2007 cu scopul de a contribui la dezvoltarea educa\u021biei adul\u021bilor. HABILITAS\nofer\u0103 formare profesional\u0103 pentru adul\u021bi \u0219i servicii de consiliere pentru\nprograme sociale, psihologice \u0219i educa\u021bionale.<\/p>\n\n\n\n<p>CHALLEDU (Grecia)<\/p>\n\n\n\n<p>&#8222;Challedu &#8211; joac\u0103, \u00eenva\u021b\u0103,\nevolueaz\u0103&#8221; este o organiza\u021bie non-guvernamental\u0103 educa\u021bional\u0103, non-profit,\ncare are drept scop dezvoltarea \u0219i implementarea jocurilor ca solu\u021bii, pentru a\ntransforma experien\u021ba de \u00eenv\u0103\u021bare \u00eentr-o procedur\u0103 creativ\u0103, interactiv\u0103 \u0219i\nholistic\u0103 \u0219i care s\u0103 promoveze includerea \u00een societate.<\/p>\n\n\n\n<p>UNIVERSITATEA DIN MACEDONIA DE VEST\n(Grecia)<\/p>\n\n\n\n<p>Orientat\u0103 spre cercetare\ninterna\u021bional\u0103 Universitatea din Macedonia de Vest, este o institu\u021bie angajat\u0103\nsocial cu 6 departamente, programe postuniversitare \u0219i programe de doctorat. Cu\nun personal academic foarte \u00eenalt calificat, &nbsp;universitatea are leg\u0103turi extinse\ninterna\u021bional at\u00e2t \u00een programele de cercetare, c\u00e2t \u0219i \u00een programele de schimb\n\u0219i o comunitate de studen\u021bi dinamici.<\/p>\n\n\n\n<p>DESPRE PROIECT<\/p>\n\n\n\n<p>Proiectul \u00ee\u0219i propune s\u0103 creeze\njocuri serioase care s\u0103 trateze simptome cognitive \u0219i comportamentale ale\ndemen\u021bei prin diverse ateliere care implic\u0103 persoane mai tinere \u0219i persoane \u00een\nv\u00e2rst\u0103. Prin diferite etape, proiectul va proiecta, produce \u0219i va testa\ndiferite jocuri serioase (fizice, digitale sau phygitale) care vizeaz\u0103\npersoanele atinse de demen\u021b\u0103. Prin adoptarea unei abord\u0103ri transna\u021bionale \u00een\ncadrul proiectului prin cooperarea organiza\u021biilor \u0219i a institutelor la nivel\neuropean, consor\u021biul va:<\/p>\n\n\n\n<p>&#8211; face schimburi de cuno\u0219tin\u021be \u0219i\nde experien\u021be de la discipline \u0219i institu\u021bii variate din Europa;<\/p>\n\n\n\n<p>&#8211; cre\u0219te gradul de con\u0219tientizare a\noamenilor cu privire la demen\u021b\u0103 prin eforturile institu\u021biilor locale;<\/p>\n\n\n\n<p>&#8211; crea \u0219i promova jocuri pentru\n\u00eembun\u0103t\u0103\u021birea simptomelor cognitive \u0219i comportamentale ale persoanelor atinse\nde demen\u021b\u0103;<\/p>\n\n\n\n<p>&#8211; crea con\u021binuturi personalizate \u00een\njocuri ca urmare a muncii de colaborare \u00eentre profesioni\u0219ti din domeniul\n\u00eengrijirii medicale, pacien\u021bi, tineri \u0219i a designerilor de jocuri;<\/p>\n\n\n\n<p>&#8211; contribui la efectul de\nmultiplicare la nivel european.<\/p>\n\n\n\n<p>ATELIERE<\/p>\n\n\n\n<p>\u00cen timpul atelierelor, tinerii\nselecta\u021bi vor participa la o instruire informativ\u0103 privind demen\u021ba, \u00een vederea\npreg\u0103tirii lor pentru interac\u021biunea cu persoanele atinse de demen\u021b\u0103, cu\nsimptome de patologie. Dup\u0103 aceasta, ace\u0219tia vor participa la procesul de co-design\nal jocului: vor co-proiecta \u0219i vor juca mai multe jocuri \u00een colaborare cu\ndesignerii de jocuri, dezvoltatorii de software, profesioni\u0219tii din domeniul\ns\u0103n\u0103t\u0103\u021bii, persoanele atinse de demen\u021b\u0103 \u0219i \u00eengrijitorii acestora. La sf\u00e2r\u0219itul\nacestui proces de creare \u0219i \u00een timpul proiectului vor fi dezvoltate cel pu\u021bin 8\njocuri pe deplin opera\u021bionale.<\/p>\n\n\n\n<p>PROIECTUL ARE URM\u0102TOARELE REZULTATE\nPRINCIPALE:<\/p>\n\n\n\n<p>-Cre\u0219terea gradului de\ncon\u0219tientizare a adul\u021bilor tineri cu privire la demen\u021b\u0103.<\/p>\n\n\n\n<p>-Con\u0219tientizare \u0219i motiva\u021bie cu privire\nla importan\u021ba \u0219i posibilit\u0103\u021bile jocurilor ca instrument de \u00eembun\u0103t\u0103\u021bire a\ncalit\u0103\u021bii vie\u021bii persoanelor atinse de demen\u021b\u0103.<\/p>\n\n\n\n<p>-Angajarea tinerilor de peste 15\nani \u00een activit\u0103\u021bi de voluntariat.<\/p>\n\n\n\n<p>-\u00cent\u0103rirea leg\u0103turilor dintre\ngenera\u021bii prin activit\u0103\u021bi ludice intergenera\u021bionale \u0219i prin ateliere de creare\na jocurilor.<\/p>\n\n\n\n<p>-Implicarea profesioni\u0219tilor, a\nvoluntarilor \u0219i a persoanelor atinse de demen\u021b\u0103 \u00een procesul de creare a unor\njocuri adecvate.<\/p>\n\n\n\n<p><strong>Website\nproiect: https:\/\/projectbridge.eu\/<\/strong><\/p>\n\n\n\n<p>Detalii de contact: 0040757022382,  <a href=\"mailto:asoc.habilitas@yahoo.com\">asoc.habilitas@yahoo.com<\/a><\/p>\n\n\n\n<p>Acest website se refer\u0103 la activit\u0103\u021bile derulate \u00een Proiect \u0219i este realizat de beneficiari. Avertizare: con\u021binutul acestui website reflect\u0103 numai punctele de vedere ale autorilor iar Agen\u021bia Na\u021bional\u0103 \u0219i Comisia European\u0103 nu sunt responsabile pentru orice utilizare ulterioar\u0103 a informa\u021biilor con\u021binute \u00een acest website. <\/p>\n","protected":false},"excerpt":{"rendered":"<p>DEMEN\u0162A: STIMULAREA ABILIT\u0102\u021aILOR COGNITIVE PRIN JOCURI \u00cen 2015, 46,8 milioane  [&#8230;]<\/p>\n","protected":false},"author":1,"featured_media":0,"parent":29,"menu_order":0,"comment_status":"closed","ping_status":"closed","template":"","meta":{"_monsterinsights_skip_tracking":false,"_monsterinsights_sitenote_active":false,"_monsterinsights_sitenote_note":"","_monsterinsights_sitenote_category":0,"footnotes":""},"class_list":["post-1501","page","type-page","status-publish","hentry"],"_links":{"self":[{"href":"https:\/\/www.habilitas.ro\/index.php\/wp-json\/wp\/v2\/pages\/1501","targetHints":{"allow":["GET"]}}],"collection":[{"href":"https:\/\/www.habilitas.ro\/index.php\/wp-json\/wp\/v2\/pages"}],"about":[{"href":"https:\/\/www.habilitas.ro\/index.php\/wp-json\/wp\/v2\/types\/page"}],"author":[{"embeddable":true,"href":"https:\/\/www.habilitas.ro\/index.php\/wp-json\/wp\/v2\/users\/1"}],"replies":[{"embeddable":true,"href":"https:\/\/www.habilitas.ro\/index.php\/wp-json\/wp\/v2\/comments?post=1501"}],"version-history":[{"count":1,"href":"https:\/\/www.habilitas.ro\/index.php\/wp-json\/wp\/v2\/pages\/1501\/revisions"}],"predecessor-version":[{"id":1502,"href":"https:\/\/www.habilitas.ro\/index.php\/wp-json\/wp\/v2\/pages\/1501\/revisions\/1502"}],"up":[{"embeddable":true,"href":"https:\/\/www.habilitas.ro\/index.php\/wp-json\/wp\/v2\/pages\/29"}],"wp:attachment":[{"href":"https:\/\/www.habilitas.ro\/index.php\/wp-json\/wp\/v2\/media?parent=1501"}],"curies":[{"name":"wp","href":"https:\/\/api.w.org\/{rel}","templated":true}]}}