{"id":1397,"date":"2019-01-26T08:22:19","date_gmt":"2019-01-26T08:22:19","guid":{"rendered":"http:\/\/www.habilitas.ro\/?page_id=1397"},"modified":"2021-08-11T05:12:22","modified_gmt":"2021-08-11T05:12:22","slug":"sanatatea-mintala-prioritate-pe-agenda-publica","status":"publish","type":"page","link":"https:\/\/www.habilitas.ro\/index.php\/ro\/proiecte-incheiate\/sanatatea-mintala-prioritate-pe-agenda-publica\/","title":{"rendered":"Sanatatea mintala &#8211; Prioritate pe agenda publica!"},"content":{"rendered":"\n<figure class=\"wp-block-image\"><img decoding=\"async\" width=\"1024\" height=\"110\" src=\"http:\/\/www.habilitas.ro\/wp-content\/uploads\/2019\/01\/Header-POCA-color-1024x110.png\" alt=\"\" class=\"wp-image-1399\" srcset=\"https:\/\/www.habilitas.ro\/wp-content\/uploads\/2019\/01\/Header-POCA-color-300x32.png 300w, https:\/\/www.habilitas.ro\/wp-content\/uploads\/2019\/01\/Header-POCA-color-600x64.png 600w, https:\/\/www.habilitas.ro\/wp-content\/uploads\/2019\/01\/Header-POCA-color-768x82.png 768w, https:\/\/www.habilitas.ro\/wp-content\/uploads\/2019\/01\/Header-POCA-color-1024x110.png 1024w, https:\/\/www.habilitas.ro\/wp-content\/uploads\/2019\/01\/Header-POCA-color.png 1940w\" sizes=\"(max-width: 1024px) 100vw, 1024px\" \/><\/figure>\n\n\n\n<p>\u00cen perioada 31 octombrie 2018 \u2013 27 februarie\n2020, Societatea Rom\u00e2n\u0103 de Sprijin a V\u00e2rstnicilor \u0219i a Suferinzilor cu\nAfec\u021biuni de tip Alzheimer, \u00een calitate de lider de\nparteneriat, deruleaz\u0103 \u00eempreun\u0103 cu Asocia\u021bia Habilitas \u2013 CRFP proiectul\n\u201eS\u0103n\u0103tatea mintal\u0103 \u2013 prioritate pe agenda public\u0103!\u201d (Cod proiect: 112591),\ncofinan\u021bat din Fondul Social European prin Programul Opera\u021bional Capacitate\nAdministrativ\u0103 (POCA) 2014 \u2013 2020. <\/p>\n\n\n\n<p>Obiectivul general al proiectului este de a formula \u0219i de a promova politici alternative la Legea S\u0103n\u0103t\u0103\u021bii\nMintale (Legea 487\/2002 republicat\u0103 \u00een 2012), cu accent pe demen\u021be.<\/p>\n\n\n\n<p>Obiectivele specifice ale proiectului sunt:<\/p>\n\n\n\n<p>1. Cre\u0219terea gradului de monitorizare \u0219i\nevaluare a politicilor publice, prin elaborarea unei metodologii \u0219i a unui\nraport deevaluare a politicilor publice \u00een domeniul s\u0103n\u0103t\u0103\u021bii mintale;<\/p>\n\n\n\n<p>2. Stimularea \u0219i consolidarea dialogului\nsocial \u0219i a conlucr\u0103rii dintre ONG-uri, parteneri sociali\u0219i autorit\u0103\u021bile\npublice din domeniul s\u0103n\u0103t\u0103\u021bii mintale \u0219i cel socio-medical, prin:\u00eent\u00e2lniri\nlunare \u00een cadrul unei structuri nou-create \u2013 Centrul de Dialog Social;\norganizarea unui Forum de dialog social, cu participarea a 40 de persoane;\nlansarea unei platforme de dialog social care va permite interac\u021biunea \u00eentre\nONG-uri, parteneri sociali, autorit\u0103\u021bipublice \u0219i alte persoane interesate \u0219i\nsemnalarea de probleme \u0219i solu\u021bii \u00een domeniul s\u0103n\u0103t\u0103\u021bii mintale; participareaactiv\u0103 a 150 de persoane la 5ateliere de lucru regionale\n(Bucure\u0219ti, Bra\u0219ov, Cluj, Ia\u0219i, Timi\u0219oara), \u00een vedereacre\u0219terii implic\u0103rii\nacestora \u00een formularea \u0219i \u00eembun\u0103t\u0103\u021birea politicilor publicedin domeniul s\u0103n\u0103t\u0103\u021bii\nmintale;<\/p>\n\n\n\n<p>3.Cre\u0219terea capacit\u0103\u021bii a 51 de ONG-uri \u0219i a dou\u0103\nsindicate cointeresate de ase implica \u00een formularea \u0219i promovarea de propuneri\nalternative la politicile publice ini\u021biate de Guvern in domeniul s\u0103n\u0103t\u0103\u021biimintale,\nprin organizarea de instruiri \u00een politici publice, advocacy, egalitate de \u0219anse,\ndezvoltare durabil\u0103\u0219iresponsabilitate social\u0103;<\/p>\n\n\n\n<p>4. Dezvoltarea capacit\u0103\u021bii a 72 de persoane, angaja\u021bi\n\u0219i voluntari din ONG-uri \u0219i sindicate, \u00een formularea de propunerialternative la\npoliticile publice actuale prin instruire specific\u0103.<\/p>\n\n\n\n<p>5. Optimizarea reglementarilor legislative \u00een\ndomeniul s\u0103n\u0103t\u0103\u021bii mintale, prin elaborarea \u0219i promovarea unei politici\npublicealternative la Legea s\u0103n\u0103t\u0103\u021bii mintale \u0219i prin organizarea unei vizite\nde studiu \u00een Sco\u021bia \u00een vederea transferului \u0219i adapt\u0103rii de bune practici\neuropene \u00een formularea de politici publice.<\/p>\n\n\n\n<p>Valoarea total\u0103 a proiectului este de 931,980.95 lei, din care 913,341.33 lei reprezint\u0103 valoarea cofinan\u021b\u0103rii asigurate de UE \u0219i a finan\u021b\u0103rii na\u021bionale, iar 18,639.62 lei, contribu\u021bia proprie.<\/p>\n\n\n\n<p><strong>Descarcati in format PDF:<\/strong><\/p>\n\n\n\n<ul class=\"wp-block-list\"><li><strong><a rel=\"noreferrer noopener\" aria-label=\"PROCEDURA SELECTIE MEMBRI GRUP TINTA PENTRU VIZITA DE STUDIU (opens in a new tab)\" href=\"http:\/\/www.habilitas.ro\/wp-content\/uploads\/2019\/12\/Procedura-selectie-vizita-studiu-Habilitas.pdf\" target=\"_blank\">Procedura selectie membri grup tinta pentru vizita de studiu<\/a><\/strong><\/li><li><a rel=\"noreferrer noopener\" href=\"https:\/\/www.habilitas.ro\/wp-content\/uploads\/2020\/08\/Propunere_politica_publica_POCA_Anexa_1_cod_proiect_112591.pdf\" target=\"_blank\"><strong>Propunere de politic\u0103 public\u0103<\/strong><\/a><\/li><li><a href=\"https:\/\/www.habilitas.ro\/wp-content\/uploads\/2020\/08\/ANEXA_2_PP_sinteza_consultarilor_publice.pdf\" target=\"_blank\" rel=\"noreferrer noopener\"><strong>Sinteza consultarilor publice pe cele 5 teme abordate<\/strong><\/a><\/li><\/ul>\n\n\n\n<figure class=\"wp-block-image size-large\"><img decoding=\"async\" width=\"1024\" height=\"643\" src=\"https:\/\/www.habilitas.ro\/wp-content\/uploads\/2020\/08\/Anexa_3_Infografic_paliere_Plan_Actiune-1024x643.jpg\" alt=\"\" class=\"wp-image-1761\" srcset=\"https:\/\/www.habilitas.ro\/wp-content\/uploads\/2020\/08\/Anexa_3_Infografic_paliere_Plan_Actiune-300x188.jpg 300w, https:\/\/www.habilitas.ro\/wp-content\/uploads\/2020\/08\/Anexa_3_Infografic_paliere_Plan_Actiune-600x377.jpg 600w, https:\/\/www.habilitas.ro\/wp-content\/uploads\/2020\/08\/Anexa_3_Infografic_paliere_Plan_Actiune-768x482.jpg 768w, https:\/\/www.habilitas.ro\/wp-content\/uploads\/2020\/08\/Anexa_3_Infografic_paliere_Plan_Actiune-1024x643.jpg 1024w, https:\/\/www.habilitas.ro\/wp-content\/uploads\/2020\/08\/Anexa_3_Infografic_paliere_Plan_Actiune.jpg 1450w\" sizes=\"(max-width: 1024px) 100vw, 1024px\" \/><figcaption>Infografic paliere &#8211; Plan de Actiune<\/figcaption><\/figure>\n","protected":false},"excerpt":{"rendered":"<p>\u00cen perioada 31 octombrie 2018 \u2013 27 februarie 2020, Societatea  [&#8230;]<\/p>\n","protected":false},"author":1,"featured_media":1399,"parent":29,"menu_order":0,"comment_status":"closed","ping_status":"closed","template":"","meta":{"_monsterinsights_skip_tracking":false,"_monsterinsights_sitenote_active":false,"_monsterinsights_sitenote_note":"","_monsterinsights_sitenote_category":0,"footnotes":""},"class_list":["post-1397","page","type-page","status-publish","has-post-thumbnail","hentry"],"_links":{"self":[{"href":"https:\/\/www.habilitas.ro\/index.php\/wp-json\/wp\/v2\/pages\/1397","targetHints":{"allow":["GET"]}}],"collection":[{"href":"https:\/\/www.habilitas.ro\/index.php\/wp-json\/wp\/v2\/pages"}],"about":[{"href":"https:\/\/www.habilitas.ro\/index.php\/wp-json\/wp\/v2\/types\/page"}],"author":[{"embeddable":true,"href":"https:\/\/www.habilitas.ro\/index.php\/wp-json\/wp\/v2\/users\/1"}],"replies":[{"embeddable":true,"href":"https:\/\/www.habilitas.ro\/index.php\/wp-json\/wp\/v2\/comments?post=1397"}],"version-history":[{"count":13,"href":"https:\/\/www.habilitas.ro\/index.php\/wp-json\/wp\/v2\/pages\/1397\/revisions"}],"predecessor-version":[{"id":1763,"href":"https:\/\/www.habilitas.ro\/index.php\/wp-json\/wp\/v2\/pages\/1397\/revisions\/1763"}],"up":[{"embeddable":true,"href":"https:\/\/www.habilitas.ro\/index.php\/wp-json\/wp\/v2\/pages\/29"}],"wp:featuredmedia":[{"embeddable":true,"href":"https:\/\/www.habilitas.ro\/index.php\/wp-json\/wp\/v2\/media\/1399"}],"wp:attachment":[{"href":"https:\/\/www.habilitas.ro\/index.php\/wp-json\/wp\/v2\/media?parent=1397"}],"curies":[{"name":"wp","href":"https:\/\/api.w.org\/{rel}","templated":true}]}}