{"id":1226,"date":"2018-07-18T05:50:33","date_gmt":"2018-07-18T05:50:33","guid":{"rendered":"http:\/\/www.habilitas.ro\/?page_id=1226"},"modified":"2021-06-16T05:22:19","modified_gmt":"2021-06-16T05:22:19","slug":"proiectul-erasmus-c2e","status":"publish","type":"page","link":"https:\/\/www.habilitas.ro\/index.php\/ro\/proiecte-incheiate\/proiectul-erasmus-c2e\/","title":{"rendered":"Proiectul Erasmus+ C2E"},"content":{"rendered":"<p>\u201dC2E \u2013 Care to Entrepreneurship\u201d este un proiect Erasmus+ de Parteneriat Strategic in domeniul Tineretului, finantat de Comisia Europeana prin Agentia Nationala pentru Erasmus+ din Marea Britanie, cu o durata de 2 ani (01.04.2018 \u2013 31.03.2020).<\/p>\n<p>Se estimeaza ca in Europa existamai mult de 100 de milioane de ingrijitori \u2013 persoane care pot avea grij\u0103 constant de un copil, un bolnav, un varstnic sau o persoana cu dizabilitati. Aceast\u0103 cifra reprezinta aproximativ o cincime din intreaga populatie european\u0103. Marea majoritate a acestora sunt tineri, in principal fete.<\/p>\n<p>Conform statisticilor la nivel european, ingrijitorii tineri se confrunta cu obstacole in calea educatiei, formarii si ocuparii pe piata muncii. Ei dobandesc in munca lor o serie de abilitati si competente care, cu sprijinul potrivit, ii pot conduce la dezvoltarea propriilor afaceri sociale si a activit\u0103\u021bilor antreprenoriale, intr-o Europa marcata de un nivel ridicat al somajului in randul tinerilor. In acest context, antreprenoriatul social reprezinta o solutie viabila de (auto)ocupare care faciliteaza accesul tinerilor ingrijitori pe pia\u021ba fortei de munca, contribuind totodata la bunastarea comunitatii prin rezolvarea problemelor sociale presante.<\/p>\n<p><strong>Scopul proiectului<\/strong><\/p>\n<p>Raspunzand prioritatilor Agendei de la Lisabona si Strategiei Europa 2020 care promoveaza antreprenoriatul ca element cheie al unei cresteri inteligente, durabile si favorabile incluziunii, C2E vizeaza tinerii ingrijitori in varsta de 18-30 de ani, cu accent deosebit pe tinerele provenite din familiile cu venituri mici, pentru cultivarea abilitatilor lor practice, creative si antreprenoriale, in scopul ocuparii pe piata muncii.<\/p>\n<p><strong>Rezultate principale<\/strong><\/p>\n<ul>\n<li>elaborareaunorinstrumenteeducationalesi de formare in proiectpebazaexperien\u021beisi a cunostintelor practice ale ingrijitorilortineri;<\/li>\n<li>dezvoltarea de noiprogramesicursuri de instruire (prinintermediuluneiplatforme online si fata in fata) pentruingrijitoriitineri, prin care sa-sidezvoltecunostintelesicompetentelenecesarepentru a deveniantreprenorisociali<\/li>\n<li>testareasiimplementareaacestorprograme in Marea Britanie, Grecia, Italia, Romania siBelgia;<\/li>\n<li>promovarearezultatelor comparative obtinute in tarilepartenere,pentruconsolidareapracticilorsipoliticilor in UE.<\/li>\n<\/ul>\n<p>Proiectul este implementat de IARS International Institute UK in parteneriat cu 4 organizatii europene:<\/p>\n<p><a href=\"https:\/\/www.kmop.gr\/\">Kentro Merimnas Oikogenieas Paidiou \u2013 KMOP <\/a>(Grecia);<\/p>\n<p><a href=\"http:\/\/www.habilitas.ro\/index.php\/en\/\">Asocia\u021bia Habilitas \u2013 Centru de Resurse \u0219i Formare Profesional\u0103<\/a>(Romania);<\/p>\n<p><a href=\"http:\/\/www.anzianienonsolo.it\/\">Anziani e Non Solo \u2013 ANS <\/a>(Italia);<\/p>\n<p><a href=\"http:\/\/www.diesis.coop\/\">Diesis Coop <\/a>(Belgia).<\/p>\n<p>&nbsp;<\/p>\n<p>Site-ul proiectului: www.c2eproject.org<\/p>\n<p>Pagina de Fb a proiectului: \/c2eproject<\/p>\n","protected":false},"excerpt":{"rendered":"<p>\u201dC2E \u2013 Care to Entrepreneurship\u201d este un proiect Erasmus+ de  [&#8230;]<\/p>\n","protected":false},"author":1,"featured_media":0,"parent":29,"menu_order":0,"comment_status":"closed","ping_status":"closed","template":"","meta":{"_monsterinsights_skip_tracking":false,"_monsterinsights_sitenote_active":false,"_monsterinsights_sitenote_note":"","_monsterinsights_sitenote_category":0,"footnotes":""},"class_list":["post-1226","page","type-page","status-publish","hentry"],"_links":{"self":[{"href":"https:\/\/www.habilitas.ro\/index.php\/wp-json\/wp\/v2\/pages\/1226","targetHints":{"allow":["GET"]}}],"collection":[{"href":"https:\/\/www.habilitas.ro\/index.php\/wp-json\/wp\/v2\/pages"}],"about":[{"href":"https:\/\/www.habilitas.ro\/index.php\/wp-json\/wp\/v2\/types\/page"}],"author":[{"embeddable":true,"href":"https:\/\/www.habilitas.ro\/index.php\/wp-json\/wp\/v2\/users\/1"}],"replies":[{"embeddable":true,"href":"https:\/\/www.habilitas.ro\/index.php\/wp-json\/wp\/v2\/comments?post=1226"}],"version-history":[{"count":1,"href":"https:\/\/www.habilitas.ro\/index.php\/wp-json\/wp\/v2\/pages\/1226\/revisions"}],"predecessor-version":[{"id":1227,"href":"https:\/\/www.habilitas.ro\/index.php\/wp-json\/wp\/v2\/pages\/1226\/revisions\/1227"}],"up":[{"embeddable":true,"href":"https:\/\/www.habilitas.ro\/index.php\/wp-json\/wp\/v2\/pages\/29"}],"wp:attachment":[{"href":"https:\/\/www.habilitas.ro\/index.php\/wp-json\/wp\/v2\/media?parent=1226"}],"curies":[{"name":"wp","href":"https:\/\/api.w.org\/{rel}","templated":true}]}}